{"id":10400,"date":"2025-08-29T13:56:48","date_gmt":"2025-08-29T11:56:48","guid":{"rendered":"https:\/\/rexbud.com.pl\/?page_id=10400"},"modified":"2025-11-24T22:19:41","modified_gmt":"2025-11-24T21:19:41","slug":"produktionsanlagen","status":"publish","type":"page","link":"https:\/\/rexbud.com.pl\/de\/produktionsanlagen\/","title":{"rendered":"Produktionsanlagen"},"content":{"rendered":"<div data-elementor-type=\"wp-page\" data-elementor-id=\"10400\" class=\"elementor elementor-10400\" data-elementor-post-type=\"page\">\n\t\t\t\t<div class=\"elementor-element elementor-element-54673de e-con-full e-flex wpr-particle-no wpr-jarallax-no wpr-parallax-no wpr-sticky-section-no e-con e-parent\" data-id=\"54673de\" data-element_type=\"container\">\n\t\t<div class=\"elementor-element elementor-element-15f8292 e-flex e-con-boxed wpr-particle-no wpr-jarallax-no wpr-parallax-no wpr-sticky-section-no e-con e-child\" data-id=\"15f8292\" data-element_type=\"container\">\n\t\t\t\t\t<div class=\"e-con-inner\">\n\t\t<div class=\"elementor-element elementor-element-6afc7c1 e-con-full e-flex wpr-particle-no wpr-jarallax-no wpr-parallax-no wpr-sticky-section-no e-con e-child\" data-id=\"6afc7c1\" data-element_type=\"container\">\n\t\t\t\t<div class=\"elementor-element elementor-element-be44c35 jltma-glass-effect-no elementor-widget elementor-widget-heading\" data-id=\"be44c35\" data-element_type=\"widget\" data-widget_type=\"heading.default\">\n\t\t\t\t\t<h1 class=\"elementor-heading-title elementor-size-default\">Produktionsanlagen<\/h1>\t\t\t\t<\/div>\n\t\t\t\t<\/div>\n\t\t<div class=\"elementor-element elementor-element-3a2136e e-con-full e-flex wpr-particle-no wpr-jarallax-no wpr-parallax-no wpr-sticky-section-no e-con e-child\" data-id=\"3a2136e\" data-element_type=\"container\">\n\t\t\t\t<div class=\"elementor-element elementor-element-231ce49 elementor-widget__width-inherit jltma-glass-effect-no elementor-widget elementor-widget-text-editor\" data-id=\"231ce49\" data-element_type=\"widget\" data-widget_type=\"text-editor.default\">\n\t\t\t\t\t\t\t\t\t<p>Wir planen und bauen Produktionshallen unter Ber\u00fccksichtigung von Produktivit\u00e4t, Ergonomie und Arbeitssicherheit. Dank unserer langj\u00e4hrigen Erfahrung schaffen wir Anlagen, die voll und ganz auf die Bed\u00fcrfnisse der Investoren zugeschnitten sind - von der funktionalen Gestaltung \u00fcber die Auswahl der Materialien bis hin zur formalen Unterst\u00fctzung in jeder Phase der Investition.<\/p>\t\t\t\t\t\t\t\t<\/div>\n\t\t\t\t<div class=\"elementor-element elementor-element-f307294 elementor-align-left elementor-widget__width-auto elementor-mobile-align-justify elementor-widget-mobile__width-inherit jltma-glass-effect-no elementor-widget elementor-widget-button\" data-id=\"f307294\" data-element_type=\"widget\" data-widget_type=\"button.default\">\n\t\t\t\t\t\t\t\t\t\t<a class=\"elementor-button elementor-button-link elementor-size-sm\" href=\"https:\/\/rexbud.com.pl\/de\/kontakt\/\">\n\t\t\t\t\t\t<span class=\"elementor-button-content-wrapper\">\n\t\t\t\t\t\t\t\t\t<span class=\"elementor-button-text\">Kontakt<\/span>\n\t\t\t\t\t<\/span>\n\t\t\t\t\t<\/a>\n\t\t\t\t\t\t\t\t<\/div>\n\t\t\t\t<\/div>\n\t\t\t\t\t<\/div>\n\t\t\t\t<\/div>\n\t\t<div class=\"elementor-element elementor-element-eab7f1f e-con-full hero-banner e-flex wpr-particle-no wpr-jarallax-no wpr-parallax-no wpr-sticky-section-no e-con e-child\" data-id=\"eab7f1f\" data-element_type=\"container\" data-settings=\"{&quot;background_background&quot;:&quot;classic&quot;,&quot;shape_divider_top&quot;:&quot;tilt&quot;}\">\n\t\t\t\t<div class=\"elementor-shape elementor-shape-top\" aria-hidden=\"true\" data-negative=\"false\">\n\t\t\t<svg xmlns=\"http:\/\/www.w3.org\/2000\/svg\" viewbox=\"0 0 1000 100\" preserveaspectratio=\"none\">\n\t<path class=\"elementor-shape-fill\" d=\"M0,6V0h1000v100L0,6z\"\/>\n<\/svg>\t\t<\/div>\n\t\t\t\t<\/div>\n\t\t\t\t<\/div>\n\t\t<div class=\"elementor-element elementor-element-09aa339 e-con-full e-flex wpr-particle-no wpr-jarallax-no wpr-parallax-no wpr-sticky-section-no e-con e-parent\" data-id=\"09aa339\" data-element_type=\"container\">\n\t\t\t\t<div class=\"elementor-element elementor-element-1d6aa47 images-carousel jltma-glass-effect-no elementor-widget elementor-widget-image-carousel\" data-id=\"1d6aa47\" data-element_type=\"widget\" data-settings=\"{&quot;slides_to_show&quot;:&quot;3&quot;,&quot;slides_to_show_tablet&quot;:&quot;3&quot;,&quot;slides_to_show_mobile&quot;:&quot;1&quot;,&quot;slides_to_scroll&quot;:&quot;1&quot;,&quot;navigation&quot;:&quot;none&quot;,&quot;autoplay_speed&quot;:1500,&quot;image_spacing_custom&quot;:{&quot;unit&quot;:&quot;px&quot;,&quot;size&quot;:5,&quot;sizes&quot;:[]},&quot;speed&quot;:2000,&quot;autoplay&quot;:&quot;yes&quot;,&quot;infinite&quot;:&quot;yes&quot;,&quot;image_spacing_custom_laptop&quot;:{&quot;unit&quot;:&quot;px&quot;,&quot;size&quot;:&quot;&quot;,&quot;sizes&quot;:[]},&quot;image_spacing_custom_tablet&quot;:{&quot;unit&quot;:&quot;px&quot;,&quot;size&quot;:&quot;&quot;,&quot;sizes&quot;:[]}}\" data-widget_type=\"image-carousel.default\">\n\t\t\t\t\t\t\t<div class=\"elementor-image-carousel-wrapper swiper\" role=\"region\" aria-roledescription=\"carousel\" aria-label=\"Karussell der Bilder\" dir=\"ltr\">\n\t\t\t<div class=\"elementor-image-carousel swiper-wrapper swiper-image-stretch\" aria-live=\"off\">\n\t\t\t\t\t\t\t\t<div class=\"swiper-slide\" role=\"group\" aria-roledescription=\"slide\" aria-label=\"1 z 3\"><a data-elementor-open-lightbox=\"yes\" data-elementor-lightbox-slideshow=\"1d6aa47\" data-elementor-lightbox-title=\"magazyn produkcyjny\" data-e-action-hash=\"#elementor-action%3Aaction%3Dlightbox%26settings%3DeyJpZCI6MTA0NDgsInVybCI6Imh0dHBzOlwvXC9yZXhidWQuY29tLnBsXC93cC1jb250ZW50XC91cGxvYWRzXC8yMDI1XC8wOFwvbWFnYXp5bi1wcm9kdWtjeWpueS0yLndlYnAiLCJzbGlkZXNob3ciOiIxZDZhYTQ3In0%3D\" href=\"https:\/\/rexbud.com.pl\/wp-content\/uploads\/2025\/08\/magazyn-produkcyjny-2.webp\"><figure class=\"swiper-slide-inner\"><img decoding=\"async\" class=\"swiper-slide-image\" src=\"https:\/\/rexbud.com.pl\/wp-content\/uploads\/2025\/08\/magazyn-produkcyjny-2.webp\" alt=\"Produktionslager\" \/><\/figure><\/a><\/div><div class=\"swiper-slide\" role=\"group\" aria-roledescription=\"slide\" aria-label=\"2 z 3\"><a data-elementor-open-lightbox=\"yes\" data-elementor-lightbox-slideshow=\"1d6aa47\" data-elementor-lightbox-title=\"magazyn produkcyjny\" data-e-action-hash=\"#elementor-action%3Aaction%3Dlightbox%26settings%3DeyJpZCI6MTA0NDksInVybCI6Imh0dHBzOlwvXC9yZXhidWQuY29tLnBsXC93cC1jb250ZW50XC91cGxvYWRzXC8yMDI1XC8wOFwvbWFnYXp5bi1wcm9kdWtjeWpueS0zLndlYnAiLCJzbGlkZXNob3ciOiIxZDZhYTQ3In0%3D\" href=\"https:\/\/rexbud.com.pl\/wp-content\/uploads\/2025\/08\/magazyn-produkcyjny-3.webp\"><figure class=\"swiper-slide-inner\"><img decoding=\"async\" class=\"swiper-slide-image\" src=\"https:\/\/rexbud.com.pl\/wp-content\/uploads\/2025\/08\/magazyn-produkcyjny-3.webp\" alt=\"Produktionslager\" \/><\/figure><\/a><\/div><div class=\"swiper-slide\" role=\"group\" aria-roledescription=\"slide\" aria-label=\"3 z 3\"><a data-elementor-open-lightbox=\"yes\" data-elementor-lightbox-slideshow=\"1d6aa47\" data-elementor-lightbox-title=\"magazyn produkcyjny\" data-e-action-hash=\"#elementor-action%3Aaction%3Dlightbox%26settings%3DeyJpZCI6MTA0NTAsInVybCI6Imh0dHBzOlwvXC9yZXhidWQuY29tLnBsXC93cC1jb250ZW50XC91cGxvYWRzXC8yMDI1XC8wOFwvbWFnYXp5bi1wcm9kdWtjeWpueS00LndlYnAiLCJzbGlkZXNob3ciOiIxZDZhYTQ3In0%3D\" href=\"https:\/\/rexbud.com.pl\/wp-content\/uploads\/2025\/08\/magazyn-produkcyjny-4.webp\"><figure class=\"swiper-slide-inner\"><img decoding=\"async\" class=\"swiper-slide-image\" src=\"https:\/\/rexbud.com.pl\/wp-content\/uploads\/2025\/08\/magazyn-produkcyjny-4.webp\" alt=\"Produktionslager\" \/><\/figure><\/a><\/div>\t\t\t<\/div>\n\t\t\t\t\t\t\t\n\t\t\t\t\t\t\t\t\t<\/div>\n\t\t\t\t\t\t<\/div>\n\t\t\t\t<\/div>\n\t\t<div class=\"elementor-element elementor-element-ea056de e-con-full e-flex wpr-particle-no wpr-jarallax-no wpr-parallax-no wpr-sticky-section-no e-con e-parent\" data-id=\"ea056de\" data-element_type=\"container\">\n\t\t\t\t<div class=\"elementor-element elementor-element-f40fd38 images-carousel jltma-glass-effect-no elementor-widget elementor-widget-image-carousel\" data-id=\"f40fd38\" data-element_type=\"widget\" data-settings=\"{&quot;slides_to_show&quot;:&quot;3&quot;,&quot;slides_to_show_tablet&quot;:&quot;3&quot;,&quot;slides_to_show_mobile&quot;:&quot;1&quot;,&quot;slides_to_scroll&quot;:&quot;1&quot;,&quot;navigation&quot;:&quot;none&quot;,&quot;autoplay_speed&quot;:1500,&quot;image_spacing_custom&quot;:{&quot;unit&quot;:&quot;px&quot;,&quot;size&quot;:5,&quot;sizes&quot;:[]},&quot;speed&quot;:2000,&quot;autoplay&quot;:&quot;yes&quot;,&quot;infinite&quot;:&quot;yes&quot;,&quot;image_spacing_custom_laptop&quot;:{&quot;unit&quot;:&quot;px&quot;,&quot;size&quot;:&quot;&quot;,&quot;sizes&quot;:[]},&quot;image_spacing_custom_tablet&quot;:{&quot;unit&quot;:&quot;px&quot;,&quot;size&quot;:&quot;&quot;,&quot;sizes&quot;:[]}}\" data-widget_type=\"image-carousel.default\">\n\t\t\t\t\t\t\t<div class=\"elementor-image-carousel-wrapper swiper\" role=\"region\" aria-roledescription=\"carousel\" aria-label=\"Karussell der Bilder\" dir=\"rtl\">\n\t\t\t<div class=\"elementor-image-carousel swiper-wrapper swiper-image-stretch\" aria-live=\"off\">\n\t\t\t\t\t\t\t\t<div class=\"swiper-slide\" role=\"group\" aria-roledescription=\"slide\" aria-label=\"1 z 4\"><a data-elementor-open-lightbox=\"yes\" data-elementor-lightbox-slideshow=\"f40fd38\" data-elementor-lightbox-title=\"magazyn produkcyjny\" data-e-action-hash=\"#elementor-action%3Aaction%3Dlightbox%26settings%3DeyJpZCI6MTA0NTEsInVybCI6Imh0dHBzOlwvXC9yZXhidWQuY29tLnBsXC93cC1jb250ZW50XC91cGxvYWRzXC8yMDI1XC8wOFwvbWFnYXp5bi1wcm9kdWtjeWpueS01LndlYnAiLCJzbGlkZXNob3ciOiJmNDBmZDM4In0%3D\" href=\"https:\/\/rexbud.com.pl\/wp-content\/uploads\/2025\/08\/magazyn-produkcyjny-5.webp\"><figure class=\"swiper-slide-inner\"><img decoding=\"async\" class=\"swiper-slide-image\" src=\"https:\/\/rexbud.com.pl\/wp-content\/uploads\/2025\/08\/magazyn-produkcyjny-5.webp\" alt=\"Produktionslager\" \/><\/figure><\/a><\/div><div class=\"swiper-slide\" role=\"group\" aria-roledescription=\"slide\" aria-label=\"2 z 4\"><a data-elementor-open-lightbox=\"yes\" data-elementor-lightbox-slideshow=\"f40fd38\" data-elementor-lightbox-title=\"magazyn produkcyjny\" data-e-action-hash=\"#elementor-action%3Aaction%3Dlightbox%26settings%3DeyJpZCI6MTA0NTIsInVybCI6Imh0dHBzOlwvXC9yZXhidWQuY29tLnBsXC93cC1jb250ZW50XC91cGxvYWRzXC8yMDI1XC8wOFwvbWFnYXp5bi1wcm9kdWtjeWpueS02LmpwZyIsInNsaWRlc2hvdyI6ImY0MGZkMzgifQ%3D%3D\" href=\"https:\/\/rexbud.com.pl\/wp-content\/uploads\/2025\/08\/magazyn-produkcyjny-6.jpg\"><figure class=\"swiper-slide-inner\"><img decoding=\"async\" class=\"swiper-slide-image\" src=\"https:\/\/rexbud.com.pl\/wp-content\/uploads\/2025\/08\/magazyn-produkcyjny-6.jpg\" alt=\"Produktionslager\" \/><\/figure><\/a><\/div><div class=\"swiper-slide\" role=\"group\" aria-roledescription=\"slide\" aria-label=\"3 z 4\"><a data-elementor-open-lightbox=\"yes\" data-elementor-lightbox-slideshow=\"f40fd38\" data-elementor-lightbox-title=\"magazyn produkcyjny\" data-e-action-hash=\"#elementor-action%3Aaction%3Dlightbox%26settings%3DeyJpZCI6MTA0NTMsInVybCI6Imh0dHBzOlwvXC9yZXhidWQuY29tLnBsXC93cC1jb250ZW50XC91cGxvYWRzXC8yMDI1XC8wOFwvbWFnYXp5bi1wcm9kdWtjeWpueS03LndlYnAiLCJzbGlkZXNob3ciOiJmNDBmZDM4In0%3D\" href=\"https:\/\/rexbud.com.pl\/wp-content\/uploads\/2025\/08\/magazyn-produkcyjny-7.webp\"><figure class=\"swiper-slide-inner\"><img decoding=\"async\" class=\"swiper-slide-image\" src=\"https:\/\/rexbud.com.pl\/wp-content\/uploads\/2025\/08\/magazyn-produkcyjny-7.webp\" alt=\"Produktionslager\" \/><\/figure><\/a><\/div><div class=\"swiper-slide\" role=\"group\" aria-roledescription=\"slide\" aria-label=\"4 z 4\"><a data-elementor-open-lightbox=\"yes\" data-elementor-lightbox-slideshow=\"f40fd38\" data-elementor-lightbox-title=\"magazyn produkcyjny\" data-e-action-hash=\"#elementor-action%3Aaction%3Dlightbox%26settings%3DeyJpZCI6MTA0NTQsInVybCI6Imh0dHBzOlwvXC9yZXhidWQuY29tLnBsXC93cC1jb250ZW50XC91cGxvYWRzXC8yMDI1XC8wOFwvbWFnYXp5bi1wcm9kdWtjeWpueS04LndlYnAiLCJzbGlkZXNob3ciOiJmNDBmZDM4In0%3D\" href=\"https:\/\/rexbud.com.pl\/wp-content\/uploads\/2025\/08\/magazyn-produkcyjny-8.webp\"><figure class=\"swiper-slide-inner\"><img decoding=\"async\" class=\"swiper-slide-image\" src=\"https:\/\/rexbud.com.pl\/wp-content\/uploads\/2025\/08\/magazyn-produkcyjny-8.webp\" alt=\"Produktionslager\" \/><\/figure><\/a><\/div>\t\t\t<\/div>\n\t\t\t\t\t\t\t\n\t\t\t\t\t\t\t\t\t<\/div>\n\t\t\t\t\t\t<\/div>\n\t\t\t\t<\/div>\n\t\t<div class=\"elementor-element elementor-element-c231e08 e-flex e-con-boxed wpr-particle-no wpr-jarallax-no wpr-parallax-no wpr-sticky-section-no e-con e-child\" data-id=\"c231e08\" data-element_type=\"container\">\n\t\t\t\t\t<div class=\"e-con-inner\">\n\t\t<div class=\"elementor-element elementor-element-2743d78 e-con-full e-flex wpr-particle-no wpr-jarallax-no wpr-parallax-no wpr-sticky-section-no e-con e-child\" data-id=\"2743d78\" data-element_type=\"container\">\n\t\t\t\t<div class=\"elementor-element elementor-element-ac7d609 elementor-widget__width-inherit jltma-glass-effect-no elementor-widget elementor-widget-heading\" data-id=\"ac7d609\" data-element_type=\"widget\" data-widget_type=\"heading.default\">\n\t\t\t\t\t<h2 class=\"elementor-heading-title elementor-size-default\">Vom Konzept bis zur Inbetriebnahme: Wie lange dauert es, eine Produktionshalle zu bauen?<\/h2>\t\t\t\t<\/div>\n\t\t\t\t<div class=\"elementor-element elementor-element-2c21753 elementor-widget__width-inherit jltma-glass-effect-no elementor-widget elementor-widget-text-editor\" data-id=\"2c21753\" data-element_type=\"widget\" data-widget_type=\"text-editor.default\">\n\t\t\t\t\t\t\t\t\t<p>Dies ist eine der am h\u00e4ufigsten gestellten Fragen von Investoren, und die Antwort ist komplex. Die Vorlaufzeit f\u00fcr den Bau einer Produktionshalle h\u00e4ngt von vielen Faktoren ab, z. B. vom Umfang und der Komplexit\u00e4t des Projekts, den Besonderheiten des technologischen Prozesses, der Art der verwendeten Materialien und der formalen und rechtlichen Effizienz, die mit der Einholung aller Genehmigungen verbunden ist. Als Generalunternehmer setzen wir alles daran, die Bauzeit durch pr\u00e4zise Planung, den Einsatz der BIM-Technologie und ein effizientes Management des gesamten Prozesses zu minimieren und gleichzeitig h\u00f6chste Qualit\u00e4t und Sicherheit zu gew\u00e4hrleisten.<\/p>\t\t\t\t\t\t\t\t<\/div>\n\t\t\t\t<\/div>\n\t\t<div class=\"elementor-element elementor-element-7b26812 e-con-full e-flex wpr-particle-no wpr-jarallax-no wpr-parallax-no wpr-sticky-section-no e-con e-child\" data-id=\"7b26812\" data-element_type=\"container\">\n\t\t\t\t<div class=\"elementor-element elementor-element-6a8f41a elementor-widget__width-inherit jltma-glass-effect-no elementor-widget elementor-widget-heading\" data-id=\"6a8f41a\" data-element_type=\"widget\" data-widget_type=\"heading.default\">\n\t\t\t\t\t<h2 class=\"elementor-heading-title elementor-size-default\">Was sind die wichtigsten Meilensteine eines Projekts in einer Produktionshalle?<\/h2>\t\t\t\t<\/div>\n\t\t\t\t<div class=\"elementor-element elementor-element-d1daaf8 elementor-widget__width-inherit jltma-glass-effect-no elementor-widget elementor-widget-text-editor\" data-id=\"d1daaf8\" data-element_type=\"widget\" data-widget_type=\"text-editor.default\">\n\t\t\t\t\t\t\t\t\t<p data-start=\"0\" data-end=\"567\">Die Realisierung einer Produktionshalle ist ein mehrstufiger Prozess, bei dem jeder Schritt entscheidend f\u00fcr das Endergebnis ist. Er beginnt mit einer Analyse der Bed\u00fcrfnisse des Investors und der Ausarbeitung eines Anlagenkonzepts, das den Besonderheiten der geplanten Produktions- und Logistikprozesse entspricht. Darauf folgt die Entwicklung der Projektdokumentation - immer h\u00e4ufiger in BIM-Technologie, was eine bessere Koordination der Arbeiten erm\u00f6glicht und Fehler bereits in der Planungsphase minimiert. Parallel dazu werden formale T\u00e4tigkeiten wie die Einholung von Genehmigungen oder die Vorbereitung des Standorts f\u00fcr die Investition durchgef\u00fchrt.<\/p>\n<p data-start=\"569\" data-end=\"1052\">Die n\u00e4chste Phase sind die Bauarbeiten, zu denen das Legen der Fundamente, die Montage der Stahlkonstruktion und der vorgefertigten Elemente sowie die Herstellung des Rohbaus der Halle, d. h. der W\u00e4nde und des Dachs, geh\u00f6ren. Nach Abschluss der Bauarbeiten beginnt die Installation der technischen Anlagen - Sanit\u00e4r-, Elektro- und L\u00fcftungsanlagen - sowie der Sicherheits- und Umweltschutzsysteme. Ein wichtiges Element ist auch der Sozial- und B\u00fcroteil, der zusammen mit den internen Stra\u00dfen und Parkpl\u00e4tzen ein zusammenh\u00e4ngendes Ganzes der Investition bildet.<\/p>\n<p data-start=\"1054\" data-end=\"1361\">Schlie\u00dflich folgen Fertigstellung, Pr\u00fcfung und technische Abnahme, die zur \u00dcbergabe des fertigen Geb\u00e4udes an den Investor f\u00fchren. Dank unseres umfassenden Ansatzes wird jede dieser Phasen rechtzeitig, im Rahmen des Budgets und unter Einhaltung h\u00f6chster Qualit\u00e4tsstandards abgeschlossen.<\/p>\t\t\t\t\t\t\t\t<\/div>\n\t\t\t\t<\/div>\n\t\t\t\t\t<\/div>\n\t\t\t\t<\/div>\n\t\t<div class=\"elementor-element elementor-element-40b6a06 e-flex e-con-boxed wpr-particle-no wpr-jarallax-no wpr-parallax-no wpr-sticky-section-no e-con e-parent\" data-id=\"40b6a06\" data-element_type=\"container\" data-settings=\"{&quot;background_background&quot;:&quot;classic&quot;}\">\n\t\t\t\t\t<div class=\"e-con-inner\">\n\t\t<div class=\"elementor-element elementor-element-df699a8 e-con-full e-flex wpr-particle-no wpr-jarallax-no wpr-parallax-no wpr-sticky-section-no e-con e-child\" data-id=\"df699a8\" data-element_type=\"container\">\n\t\t\t\t<div class=\"elementor-element elementor-element-26f7c17 elementor-widget__width-inherit jltma-glass-effect-no elementor-widget elementor-widget-heading\" data-id=\"26f7c17\" data-element_type=\"widget\" data-widget_type=\"heading.default\">\n\t\t\t\t\t<h3 class=\"elementor-heading-title elementor-size-default\">Lassen Sie uns gemeinsam etwas Besonderes aufbauen!<\/h3>\t\t\t\t<\/div>\n\t\t\t\t<\/div>\n\t\t<div class=\"elementor-element elementor-element-234e43b e-con-full e-flex wpr-particle-no wpr-jarallax-no wpr-parallax-no wpr-sticky-section-no e-con e-child\" data-id=\"234e43b\" data-element_type=\"container\">\n\t\t\t\t<div class=\"elementor-element elementor-element-02599b1 elementor-widget__width-inherit tel-form rex-form rex-form-tel elementor-button-align-stretch jltma-glass-effect-no elementor-widget elementor-widget-form\" data-id=\"02599b1\" data-element_type=\"widget\" data-settings=\"{&quot;button_width&quot;:&quot;25&quot;,&quot;step_next_label&quot;:&quot;Nast\\u0119pny&quot;,&quot;step_previous_label&quot;:&quot;Poprzedni&quot;,&quot;step_type&quot;:&quot;none&quot;,&quot;step_icon_shape&quot;:&quot;circle&quot;}\" data-widget_type=\"form.default\">\n\t\t\t\t\t\t\t<form class=\"elementor-form\" method=\"post\" name=\"Formularz - Tel - Obiekty produkcyjne\" aria-label=\"Formular \u2013 Tel \u2013 Produktionsst\u00e4tten\" action=\"\">\n\t\t\t<input type=\"hidden\" name=\"post_id\" value=\"10400\"\/>\n\t\t\t<input type=\"hidden\" name=\"form_id\" value=\"02599b1\"\/>\n\t\t\t<input type=\"hidden\" name=\"referer_title\" value=\"Obiekty produkcyjne - Rex-Bud Budownictwo\" \/>\n\n\t\t\t\t\t\t\t<input type=\"hidden\" name=\"queried_id\" value=\"10400\"\/>\n\t\t\t\n\t\t\t<div class=\"elementor-form-fields-wrapper elementor-labels-above\">\n\t\t\t\t\t\t\t\t<div class=\"elementor-field-type-tel elementor-field-group elementor-column elementor-field-group-tel elementor-col-75 elementor-field-required\">\n\t\t\t\t\t\t\t<input size=\"1\" type=\"tel\" name=\"form_fields[tel]\" id=\"form-field-tel\" class=\"elementor-field elementor-size-lg  elementor-field-textual\" placeholder=\"Ihre Telefonnummer\" required=\"required\" pattern=\"[0-9()#&amp;+*-=.]+\" title=\"Es werden nur Ziffern und Telefonzeichen (#,-,*) akzeptiert.\">\n\n\t\t\t\t\t\t<\/div>\n\t\t\t\t\t\t\t\t<div class=\"elementor-field-type-recaptcha_v3 elementor-field-group elementor-column elementor-field-group-field_9a74f51 elementor-col-100 recaptcha_v3-bottomright\">\n\t\t\t\t\t<div class=\"elementor-field\" id=\"form-field-field_9a74f51\"><div class=\"elementor-g-recaptcha\" data-sitekey=\"6LfS7xYsAAAAAI2CwnFG5OwIC4iAnVXLnht3Ocjk\" data-type=\"v3\" data-action=\"Form\" data-badge=\"bottomright\" data-size=\"invisible\"><\/div><\/div>\t\t\t\t<\/div>\n\t\t\t\t\t\t\t\t<div class=\"elementor-field-group elementor-column elementor-field-type-submit elementor-col-25 e-form__buttons\">\n\t\t\t\t\t<button class=\"elementor-button elementor-size-lg\" type=\"submit\">\n\t\t\t\t\t\t<span class=\"elementor-button-content-wrapper\">\n\t\t\t\t\t\t\t\t\t\t\t\t\t\t\t\t\t\t\t\t\t\t<span class=\"elementor-button-text\">Senden Sie<\/span>\n\t\t\t\t\t\t\t\t\t\t\t\t\t<\/span>\n\t\t\t\t\t<\/button>\n\t\t\t\t<\/div>\n\t\t\t<\/div>\n\t\t<input type=\"hidden\" name=\"trp-form-language\" value=\"de\"\/><\/form>\n\t\t\t\t\t\t<\/div>\n\t\t\t\t<\/div>\n\t\t\t\t\t<\/div>\n\t\t\t\t<\/div>\n\t\t\t\t<\/div>","protected":false},"excerpt":{"rendered":"<p>Obiekty produkcyjne Projektujemy i budujemy hale produkcyjne z my\u015bl\u0105 o wydajno\u015bci, ergonomii i bezpiecze\u0144stwie pracy. Dzi\u0119ki wieloletniemu do\u015bwiadczeniu tworzymy obiekty w pe\u0142ni dopasowane do potrzeb inwestor\u00f3w \u2013 od uk\u0142adu funkcjonalnego, przez dob\u00f3r materia\u0142\u00f3w, a\u017c po wsparcie formalne na ka\u017cdym etapie inwestycji. Skontaktuj si\u0119 z nami Od koncepcji do uruchomienia: ile trwa proces budowy hali produkcyjnej? To jedno z najcz\u0119\u015bciej zadawanych pyta\u0144 przez inwestor\u00f3w, a odpowied\u017a na nie jest z\u0142o\u017cona. Czas realizacji budowy hali produkcyjnej zale\u017cy od wielu czynnik\u00f3w, takich jak skala i z\u0142o\u017cono\u015b\u0107 projektu, specyfika procesu technologicznego, rodzaj zastosowanych materia\u0142\u00f3w, a tak\u017ce sprawno\u015b\u0107 formalno-prawna zwi\u0105zana z uzyskaniem wszelkich pozwole\u0144. Jako generalny wykonawca, dok\u0142adamy wszelkich stara\u0144, by dzi\u0119ki precyzyjnemu planowaniu, wykorzystaniu technologii BIM i efektywnemu zarz\u0105dzaniu ca\u0142ym procesem, zminimalizowa\u0107 czas budowy, jednocze\u015bnie gwarantuj\u0105c najwy\u017csz\u0105 jako\u015b\u0107 i bezpiecze\u0144stwo. Jakie s\u0105 kluczowe etapy realizacji projektu hali produkcyjnej? Realizacja hali produkcyjnej to proces wieloetapowy, w kt\u00f3rym ka\u017cdy krok ma kluczowe znaczenie dla ko\u0144cowego efektu. Zaczyna si\u0119 od analizy potrzeb inwestora oraz przygotowania koncepcji obiektu, kt\u00f3ra odpowiada specyfice planowanych proces\u00f3w produkcyjnych i logistycznych. Nast\u0119pnie opracowywana jest dokumentacja projektowa \u2013 coraz cz\u0119\u015bciej w technologii BIM, co pozwala na lepsz\u0105 koordynacj\u0119 prac i minimalizacj\u0119 b\u0142\u0119d\u00f3w ju\u017c na etapie planowania. R\u00f3wnolegle prowadzone s\u0105 dzia\u0142ania formalne, takie jak uzyskiwanie pozwole\u0144 czy przygotowanie terenu pod inwestycj\u0119. Kolejnym etapem s\u0105 prace budowlane, obejmuj\u0105ce wykonanie fundament\u00f3w, monta\u017c konstrukcji stalowej i prefabrykat\u00f3w, a nast\u0119pnie realizacj\u0119 obudowy hali, czyli \u015bcian i dachu. Po zako\u0144czeniu konstrukcji rozpoczyna si\u0119 monta\u017c instalacji \u2013 technologicznych, sanitarnych, elektrycznych i wentylacyjnych \u2013 oraz system\u00f3w bezpiecze\u0144stwa i ochrony \u015brodowiska. Wa\u017cnym elementem jest tak\u017ce cz\u0119\u015b\u0107 socjalno-biurowa, kt\u00f3ra wraz z drogami wewn\u0119trznymi i parkingami tworzy sp\u00f3jn\u0105 ca\u0142o\u015b\u0107 inwestycji. Na ko\u0144cu nast\u0119puj\u0105 prace wyko\u0144czeniowe, testy i odbiory techniczne, kt\u00f3re prowadz\u0105 do przekazania gotowego obiektu inwestorowi. Dzi\u0119ki kompleksowemu podej\u015bciu&nbsp; ka\u017cdy z tych etap\u00f3w realizowany jest w spos\u00f3b terminowy, zgodnie z bud\u017cetem i przy zachowaniu najwy\u017cszych standard\u00f3w jako\u015bci. Zbudujmy razem co\u015b wyj\u0105tkowego!<\/p>","protected":false},"author":1,"featured_media":0,"parent":0,"menu_order":0,"comment_status":"closed","ping_status":"closed","template":"elementor_header_footer","meta":{"_acf_changed":false,"inline_featured_image":false,"footnotes":""},"class_list":["post-10400","page","type-page","status-publish","hentry"],"acf":[],"_links":{"self":[{"href":"https:\/\/rexbud.com.pl\/de\/wp-json\/wp\/v2\/pages\/10400","targetHints":{"allow":["GET"]}}],"collection":[{"href":"https:\/\/rexbud.com.pl\/de\/wp-json\/wp\/v2\/pages"}],"about":[{"href":"https:\/\/rexbud.com.pl\/de\/wp-json\/wp\/v2\/types\/page"}],"author":[{"embeddable":true,"href":"https:\/\/rexbud.com.pl\/de\/wp-json\/wp\/v2\/users\/1"}],"replies":[{"embeddable":true,"href":"https:\/\/rexbud.com.pl\/de\/wp-json\/wp\/v2\/comments?post=10400"}],"version-history":[{"count":58,"href":"https:\/\/rexbud.com.pl\/de\/wp-json\/wp\/v2\/pages\/10400\/revisions"}],"predecessor-version":[{"id":16015,"href":"https:\/\/rexbud.com.pl\/de\/wp-json\/wp\/v2\/pages\/10400\/revisions\/16015"}],"wp:attachment":[{"href":"https:\/\/rexbud.com.pl\/de\/wp-json\/wp\/v2\/media?parent=10400"}],"curies":[{"name":"wp","href":"https:\/\/api.w.org\/{rel}","templated":true}]}}