{"id":10445,"date":"2025-08-30T18:02:37","date_gmt":"2025-08-30T16:02:37","guid":{"rendered":"https:\/\/rexbud.com.pl\/?page_id=10445"},"modified":"2025-11-24T22:17:30","modified_gmt":"2025-11-24T21:17:30","slug":"burogebaude","status":"publish","type":"page","link":"https:\/\/rexbud.com.pl\/de\/burogebaude\/","title":{"rendered":"B\u00fcroeinrichtungen"},"content":{"rendered":"<div data-elementor-type=\"wp-page\" data-elementor-id=\"10445\" class=\"elementor elementor-10445\" data-elementor-post-type=\"page\">\n\t\t\t\t<div class=\"elementor-element elementor-element-54673de e-con-full e-flex wpr-particle-no wpr-jarallax-no wpr-parallax-no wpr-sticky-section-no e-con e-parent\" data-id=\"54673de\" data-element_type=\"container\">\n\t\t<div class=\"elementor-element elementor-element-15f8292 e-flex e-con-boxed wpr-particle-no wpr-jarallax-no wpr-parallax-no wpr-sticky-section-no e-con e-child\" data-id=\"15f8292\" data-element_type=\"container\">\n\t\t\t\t\t<div class=\"e-con-inner\">\n\t\t<div class=\"elementor-element elementor-element-6afc7c1 e-con-full e-flex wpr-particle-no wpr-jarallax-no wpr-parallax-no wpr-sticky-section-no e-con e-child\" data-id=\"6afc7c1\" data-element_type=\"container\">\n\t\t\t\t<div class=\"elementor-element elementor-element-be44c35 jltma-glass-effect-no elementor-widget elementor-widget-heading\" data-id=\"be44c35\" data-element_type=\"widget\" data-widget_type=\"heading.default\">\n\t\t\t\t\t<h1 class=\"elementor-heading-title elementor-size-default\">B\u00fcroeinrichtungen<\/h1>\t\t\t\t<\/div>\n\t\t\t\t<\/div>\n\t\t<div class=\"elementor-element elementor-element-3a2136e e-con-full e-flex wpr-particle-no wpr-jarallax-no wpr-parallax-no wpr-sticky-section-no e-con e-child\" data-id=\"3a2136e\" data-element_type=\"container\">\n\t\t\t\t<div class=\"elementor-element elementor-element-231ce49 elementor-widget__width-inherit jltma-glass-effect-no elementor-widget elementor-widget-text-editor\" data-id=\"231ce49\" data-element_type=\"widget\" data-widget_type=\"text-editor.default\">\n\t\t\t\t\t\t\t\t\t<p>Komfort, \u00c4sthetik und durchdachte technische L\u00f6sungen machen die von uns gebauten B\u00fcrogeb\u00e4ude neben den Hallen zum Aush\u00e4ngeschild des Unternehmens, das die Aufmerksamkeit der Kunden auf sich zieht und den Komfort aller Mitarbeiter gew\u00e4hrleistet.<\/p>\t\t\t\t\t\t\t\t<\/div>\n\t\t\t\t<div class=\"elementor-element elementor-element-f307294 elementor-align-left elementor-widget__width-auto elementor-mobile-align-justify elementor-widget-mobile__width-inherit jltma-glass-effect-no elementor-widget elementor-widget-button\" data-id=\"f307294\" data-element_type=\"widget\" data-widget_type=\"button.default\">\n\t\t\t\t\t\t\t\t\t\t<a class=\"elementor-button elementor-button-link elementor-size-sm\" href=\"https:\/\/rexbud.com.pl\/de\/kontakt\/\">\n\t\t\t\t\t\t<span class=\"elementor-button-content-wrapper\">\n\t\t\t\t\t\t\t\t\t<span class=\"elementor-button-text\">Kontakt<\/span>\n\t\t\t\t\t<\/span>\n\t\t\t\t\t<\/a>\n\t\t\t\t\t\t\t\t<\/div>\n\t\t\t\t<\/div>\n\t\t\t\t\t<\/div>\n\t\t\t\t<\/div>\n\t\t<div class=\"elementor-element elementor-element-eab7f1f e-con-full hero-banner e-flex wpr-particle-no wpr-jarallax-no wpr-parallax-no wpr-sticky-section-no e-con e-child\" data-id=\"eab7f1f\" data-element_type=\"container\" data-settings=\"{&quot;background_background&quot;:&quot;classic&quot;,&quot;shape_divider_top&quot;:&quot;tilt&quot;}\">\n\t\t\t\t<div class=\"elementor-shape elementor-shape-top\" aria-hidden=\"true\" data-negative=\"false\">\n\t\t\t<svg xmlns=\"http:\/\/www.w3.org\/2000\/svg\" viewbox=\"0 0 1000 100\" preserveaspectratio=\"none\">\n\t<path class=\"elementor-shape-fill\" d=\"M0,6V0h1000v100L0,6z\"\/>\n<\/svg>\t\t<\/div>\n\t\t\t\t<\/div>\n\t\t\t\t<\/div>\n\t\t<div class=\"elementor-element elementor-element-09aa339 e-con-full e-flex wpr-particle-no wpr-jarallax-no wpr-parallax-no wpr-sticky-section-no e-con e-parent\" data-id=\"09aa339\" data-element_type=\"container\">\n\t\t\t\t<div class=\"elementor-element elementor-element-1d6aa47 images-carousel jltma-glass-effect-no elementor-widget elementor-widget-image-carousel\" data-id=\"1d6aa47\" data-element_type=\"widget\" data-settings=\"{&quot;slides_to_show&quot;:&quot;3&quot;,&quot;slides_to_show_tablet&quot;:&quot;3&quot;,&quot;slides_to_show_mobile&quot;:&quot;1&quot;,&quot;slides_to_scroll&quot;:&quot;1&quot;,&quot;navigation&quot;:&quot;none&quot;,&quot;autoplay_speed&quot;:1500,&quot;image_spacing_custom&quot;:{&quot;unit&quot;:&quot;px&quot;,&quot;size&quot;:5,&quot;sizes&quot;:[]},&quot;speed&quot;:2000,&quot;autoplay&quot;:&quot;yes&quot;,&quot;infinite&quot;:&quot;yes&quot;,&quot;image_spacing_custom_laptop&quot;:{&quot;unit&quot;:&quot;px&quot;,&quot;size&quot;:&quot;&quot;,&quot;sizes&quot;:[]},&quot;image_spacing_custom_tablet&quot;:{&quot;unit&quot;:&quot;px&quot;,&quot;size&quot;:&quot;&quot;,&quot;sizes&quot;:[]}}\" data-widget_type=\"image-carousel.default\">\n\t\t\t\t\t\t\t<div class=\"elementor-image-carousel-wrapper swiper\" role=\"region\" aria-roledescription=\"carousel\" aria-label=\"Karussell der Bilder\" dir=\"ltr\">\n\t\t\t<div class=\"elementor-image-carousel swiper-wrapper swiper-image-stretch\" aria-live=\"off\">\n\t\t\t\t\t\t\t\t<div class=\"swiper-slide\" role=\"group\" aria-roledescription=\"slide\" aria-label=\"1 z 3\"><a data-elementor-open-lightbox=\"yes\" data-elementor-lightbox-slideshow=\"1d6aa47\" data-elementor-lightbox-title=\"biuro-2\" data-e-action-hash=\"#elementor-action%3Aaction%3Dlightbox%26settings%3DeyJpZCI6MTA0NjAsInVybCI6Imh0dHBzOlwvXC9yZXhidWQuY29tLnBsXC93cC1jb250ZW50XC91cGxvYWRzXC8yMDI1XC8wOFwvYml1cm8tMi53ZWJwIiwic2xpZGVzaG93IjoiMWQ2YWE0NyJ9\" href=\"https:\/\/rexbud.com.pl\/wp-content\/uploads\/2025\/08\/biuro-2.webp\"><figure class=\"swiper-slide-inner\"><img decoding=\"async\" class=\"swiper-slide-image\" src=\"https:\/\/rexbud.com.pl\/wp-content\/uploads\/2025\/08\/biuro-2.webp\" alt=\"B\u00fcro-2\" \/><\/figure><\/a><\/div><div class=\"swiper-slide\" role=\"group\" aria-roledescription=\"slide\" aria-label=\"2 z 3\"><a data-elementor-open-lightbox=\"yes\" data-elementor-lightbox-slideshow=\"1d6aa47\" data-elementor-lightbox-title=\"biuro-3\" data-e-action-hash=\"#elementor-action%3Aaction%3Dlightbox%26settings%3DeyJpZCI6MTA0NjEsInVybCI6Imh0dHBzOlwvXC9yZXhidWQuY29tLnBsXC93cC1jb250ZW50XC91cGxvYWRzXC8yMDI1XC8wOFwvYml1cm8tMy53ZWJwIiwic2xpZGVzaG93IjoiMWQ2YWE0NyJ9\" href=\"https:\/\/rexbud.com.pl\/wp-content\/uploads\/2025\/08\/biuro-3.webp\"><figure class=\"swiper-slide-inner\"><img decoding=\"async\" class=\"swiper-slide-image\" src=\"https:\/\/rexbud.com.pl\/wp-content\/uploads\/2025\/08\/biuro-3.webp\" alt=\"B\u00fcro-3\" \/><\/figure><\/a><\/div><div class=\"swiper-slide\" role=\"group\" aria-roledescription=\"slide\" aria-label=\"3 z 3\"><a data-elementor-open-lightbox=\"yes\" data-elementor-lightbox-slideshow=\"1d6aa47\" data-elementor-lightbox-title=\"biuro-4\" data-e-action-hash=\"#elementor-action%3Aaction%3Dlightbox%26settings%3DeyJpZCI6MTA0NjIsInVybCI6Imh0dHBzOlwvXC9yZXhidWQuY29tLnBsXC93cC1jb250ZW50XC91cGxvYWRzXC8yMDI1XC8wOFwvYml1cm8tNC53ZWJwIiwic2xpZGVzaG93IjoiMWQ2YWE0NyJ9\" href=\"https:\/\/rexbud.com.pl\/wp-content\/uploads\/2025\/08\/biuro-4.webp\"><figure class=\"swiper-slide-inner\"><img decoding=\"async\" class=\"swiper-slide-image\" src=\"https:\/\/rexbud.com.pl\/wp-content\/uploads\/2025\/08\/biuro-4.webp\" alt=\"B\u00fcro-4\" \/><\/figure><\/a><\/div>\t\t\t<\/div>\n\t\t\t\t\t\t\t\n\t\t\t\t\t\t\t\t\t<\/div>\n\t\t\t\t\t\t<\/div>\n\t\t\t\t<\/div>\n\t\t<div class=\"elementor-element elementor-element-c231e08 e-flex e-con-boxed wpr-particle-no wpr-jarallax-no wpr-parallax-no wpr-sticky-section-no e-con e-child\" data-id=\"c231e08\" data-element_type=\"container\">\n\t\t\t\t\t<div class=\"e-con-inner\">\n\t\t<div class=\"elementor-element elementor-element-2743d78 e-con-full e-flex wpr-particle-no wpr-jarallax-no wpr-parallax-no wpr-sticky-section-no e-con e-child\" data-id=\"2743d78\" data-element_type=\"container\">\n\t\t\t\t<div class=\"elementor-element elementor-element-ac7d609 elementor-widget__width-inherit jltma-glass-effect-no elementor-widget elementor-widget-heading\" data-id=\"ac7d609\" data-element_type=\"widget\" data-widget_type=\"heading.default\">\n\t\t\t\t\t<h2 class=\"elementor-heading-title elementor-size-default\">Welche modernen L\u00f6sungen k\u00f6nnen auf B\u00fcrogeb\u00e4ude angewendet werden?<\/h2>\t\t\t\t<\/div>\n\t\t\t\t<div class=\"elementor-element elementor-element-2c21753 elementor-widget__width-inherit jltma-glass-effect-no elementor-widget elementor-widget-text-editor\" data-id=\"2c21753\" data-element_type=\"widget\" data-widget_type=\"text-editor.default\">\n\t\t\t\t\t\t\t\t\t<p data-start=\"0\" data-end=\"208\">B\u00fcrogeb\u00e4ude k\u00f6nnen heute eine Reihe von hochmodernen L\u00f6sungen enthalten, die den Arbeitskomfort verbessern, die Energieeffizienz steigern und die Nachhaltigkeit f\u00f6rdern. Zu den am h\u00e4ufigsten eingesetzten L\u00f6sungen geh\u00f6ren:<\/p><ul data-start=\"210\" data-end=\"1218\"><li data-start=\"210\" data-end=\"408\"><p data-start=\"212\" data-end=\"408\"><strong data-start=\"212\" data-end=\"266\">Intelligente Geb\u00e4udemanagementsysteme (BMS)<\/strong> - die eine Echtzeit-Steuerung von Beleuchtung, Klimaanlage, Heizung oder Bel\u00fcftung erm\u00f6glichen, was den Energieverbrauch erheblich senkt.<\/p><\/li><li data-start=\"409\" data-end=\"581\"><p data-start=\"411\" data-end=\"581\"><strong data-start=\"411\" data-end=\"441\">\u00d6kologische L\u00f6sungen<\/strong> - wie energieeffiziente LED-Beleuchtung, Fotovoltaikanlagen, W\u00e4rmepumpen, Regenwasserr\u00fcckgewinnungssysteme oder begr\u00fcnte D\u00e4cher und Terrassen.<\/p><\/li><li data-start=\"582\" data-end=\"788\"><p data-start=\"584\" data-end=\"788\"><strong data-start=\"584\" data-end=\"627\">B\u00fcrofl\u00e4chen zum Wohlf\u00fchlen<\/strong> - biophiles Design, ergonomische Arbeitspl\u00e4tze, nat\u00fcrliche Beleuchtung und Entspannungsbereiche, um die Gesundheit und das Wohlbefinden der Mitarbeiter zu f\u00f6rdern.<\/p><\/li><li data-start=\"789\" data-end=\"929\"><p data-start=\"791\" data-end=\"929\"><strong data-start=\"791\" data-end=\"824\">Flexible Oberfl\u00e4chengestaltung<\/strong> - modulare Trennw\u00e4nde und Freifl\u00e4chen, die sich leicht an die wechselnden Bed\u00fcrfnisse der Mieter anpassen lassen.<\/p><\/li><\/ul>\t\t\t\t\t\t\t\t<\/div>\n\t\t\t\t<\/div>\n\t\t\t\t\t<\/div>\n\t\t\t\t<\/div>\n\t\t<div class=\"elementor-element elementor-element-40b6a06 e-flex e-con-boxed wpr-particle-no wpr-jarallax-no wpr-parallax-no wpr-sticky-section-no e-con e-parent\" data-id=\"40b6a06\" data-element_type=\"container\" data-settings=\"{&quot;background_background&quot;:&quot;classic&quot;}\">\n\t\t\t\t\t<div class=\"e-con-inner\">\n\t\t<div class=\"elementor-element elementor-element-df699a8 e-con-full e-flex wpr-particle-no wpr-jarallax-no wpr-parallax-no wpr-sticky-section-no e-con e-child\" data-id=\"df699a8\" data-element_type=\"container\">\n\t\t\t\t<div class=\"elementor-element elementor-element-26f7c17 elementor-widget__width-inherit jltma-glass-effect-no elementor-widget elementor-widget-heading\" data-id=\"26f7c17\" data-element_type=\"widget\" data-widget_type=\"heading.default\">\n\t\t\t\t\t<h3 class=\"elementor-heading-title elementor-size-default\">Lassen Sie uns gemeinsam etwas Besonderes aufbauen!<\/h3>\t\t\t\t<\/div>\n\t\t\t\t<\/div>\n\t\t<div class=\"elementor-element elementor-element-234e43b e-con-full e-flex wpr-particle-no wpr-jarallax-no wpr-parallax-no wpr-sticky-section-no e-con e-child\" data-id=\"234e43b\" data-element_type=\"container\">\n\t\t\t\t<div class=\"elementor-element elementor-element-3da5626 elementor-widget__width-inherit tel-form rex-form rex-form-tel elementor-button-align-stretch jltma-glass-effect-no elementor-widget elementor-widget-form\" data-id=\"3da5626\" data-element_type=\"widget\" data-settings=\"{&quot;button_width&quot;:&quot;25&quot;,&quot;step_next_label&quot;:&quot;Nast\\u0119pny&quot;,&quot;step_previous_label&quot;:&quot;Poprzedni&quot;,&quot;step_type&quot;:&quot;none&quot;,&quot;step_icon_shape&quot;:&quot;circle&quot;}\" data-widget_type=\"form.default\">\n\t\t\t\t\t\t\t<form class=\"elementor-form\" method=\"post\" name=\"Formularz - Tel - Obiekty biurowe\" aria-label=\"Formular \u2013 Tel \u2013 B\u00fcrogeb\u00e4ude\" action=\"\">\n\t\t\t<input type=\"hidden\" name=\"post_id\" value=\"10445\"\/>\n\t\t\t<input type=\"hidden\" name=\"form_id\" value=\"3da5626\"\/>\n\t\t\t<input type=\"hidden\" name=\"referer_title\" value=\"Obiekty biurowe - Rex-Bud Budownictwo\" \/>\n\n\t\t\t\t\t\t\t<input type=\"hidden\" name=\"queried_id\" value=\"10445\"\/>\n\t\t\t\n\t\t\t<div class=\"elementor-form-fields-wrapper elementor-labels-above\">\n\t\t\t\t\t\t\t\t<div class=\"elementor-field-type-tel elementor-field-group elementor-column elementor-field-group-tel elementor-col-75 elementor-field-required\">\n\t\t\t\t\t\t\t<input size=\"1\" type=\"tel\" name=\"form_fields[tel]\" id=\"form-field-tel\" class=\"elementor-field elementor-size-lg  elementor-field-textual\" placeholder=\"Ihre Telefonnummer\" required=\"required\" pattern=\"[0-9()#&amp;+*-=.]+\" title=\"Es werden nur Ziffern und Telefonzeichen (#,-,*) akzeptiert.\">\n\n\t\t\t\t\t\t<\/div>\n\t\t\t\t\t\t\t\t<div class=\"elementor-field-type-recaptcha_v3 elementor-field-group elementor-column elementor-field-group-field_ff1ab5a elementor-col-100 recaptcha_v3-bottomright\">\n\t\t\t\t\t<div class=\"elementor-field\" id=\"form-field-field_ff1ab5a\"><div class=\"elementor-g-recaptcha\" data-sitekey=\"6LfS7xYsAAAAAI2CwnFG5OwIC4iAnVXLnht3Ocjk\" data-type=\"v3\" data-action=\"Form\" data-badge=\"bottomright\" data-size=\"invisible\"><\/div><\/div>\t\t\t\t<\/div>\n\t\t\t\t\t\t\t\t<div class=\"elementor-field-group elementor-column elementor-field-type-submit elementor-col-25 e-form__buttons\">\n\t\t\t\t\t<button class=\"elementor-button elementor-size-lg\" type=\"submit\">\n\t\t\t\t\t\t<span class=\"elementor-button-content-wrapper\">\n\t\t\t\t\t\t\t\t\t\t\t\t\t\t\t\t\t\t\t\t\t\t<span class=\"elementor-button-text\">Senden Sie<\/span>\n\t\t\t\t\t\t\t\t\t\t\t\t\t<\/span>\n\t\t\t\t\t<\/button>\n\t\t\t\t<\/div>\n\t\t\t<\/div>\n\t\t<input type=\"hidden\" name=\"trp-form-language\" value=\"de\"\/><\/form>\n\t\t\t\t\t\t<\/div>\n\t\t\t\t<\/div>\n\t\t\t\t\t<\/div>\n\t\t\t\t<\/div>\n\t\t\t\t<\/div>","protected":false},"excerpt":{"rendered":"<p>Obiekty biurowe Komfort, estetyka i przemy\u015blane rozwi\u0105zania technologiczne sprawiaj\u0105, \u017ce wybudowane przez nas biurowce przyleg\u0142e do hal staj\u0105 si\u0119 wizyt\u00f3wk\u0105 firmy \u2013 przyci\u0105gaj\u0105c uwag\u0119 klient\u00f3w i zapewniaj\u0105c wygod\u0119 wszystkim pracownikom. Skontaktuj si\u0119 z nami Jakie nowoczesne rozwi\u0105zania mo\u017cna zastosowa\u0107 w obiektach biurowych? W obiektach biurowych mo\u017cna dzi\u015b zastosowa\u0107 wiele nowoczesnych rozwi\u0105za\u0144, kt\u00f3re zwi\u0119kszaj\u0105 komfort pracy, podnosz\u0105 efektywno\u015b\u0107 energetyczn\u0105 i wspieraj\u0105 zr\u00f3wnowa\u017cony rozw\u00f3j. Do najcz\u0119\u015bciej wdra\u017canych nale\u017c\u0105: Systemy inteligentnego zarz\u0105dzania budynkiem (BMS) \u2013 pozwalaj\u0105ce na kontrol\u0119 o\u015bwietlenia, klimatyzacji, ogrzewania czy wentylacji w czasie rzeczywistym, co znacz\u0105co redukuje zu\u017cycie energii. Rozwi\u0105zania proekologiczne \u2013 m.in. energooszcz\u0119dne o\u015bwietlenie LED, panele fotowoltaiczne, pompy ciep\u0142a, systemy odzysku wody deszczowej czy zielone dachy i tarasy. Przestrzenie biurowe w duchu well-being \u2013 biophilic design, ergonomiczne stanowiska pracy, naturalne o\u015bwietlenie oraz strefy relaksu wspieraj\u0105ce zdrowie i samopoczucie pracownik\u00f3w. Elastyczne uk\u0142ady powierzchni \u2013 modu\u0142owe \u015bciany dzia\u0142owe i open space, kt\u00f3re \u0142atwo dostosowa\u0107 do zmieniaj\u0105cych si\u0119 potrzeb najemc\u00f3w. Zbudujmy razem co\u015b wyj\u0105tkowego!<\/p>","protected":false},"author":1,"featured_media":0,"parent":0,"menu_order":0,"comment_status":"closed","ping_status":"closed","template":"elementor_header_footer","meta":{"_acf_changed":false,"inline_featured_image":false,"footnotes":""},"class_list":["post-10445","page","type-page","status-publish","hentry"],"acf":[],"_links":{"self":[{"href":"https:\/\/rexbud.com.pl\/de\/wp-json\/wp\/v2\/pages\/10445","targetHints":{"allow":["GET"]}}],"collection":[{"href":"https:\/\/rexbud.com.pl\/de\/wp-json\/wp\/v2\/pages"}],"about":[{"href":"https:\/\/rexbud.com.pl\/de\/wp-json\/wp\/v2\/types\/page"}],"author":[{"embeddable":true,"href":"https:\/\/rexbud.com.pl\/de\/wp-json\/wp\/v2\/users\/1"}],"replies":[{"embeddable":true,"href":"https:\/\/rexbud.com.pl\/de\/wp-json\/wp\/v2\/comments?post=10445"}],"version-history":[{"count":55,"href":"https:\/\/rexbud.com.pl\/de\/wp-json\/wp\/v2\/pages\/10445\/revisions"}],"predecessor-version":[{"id":16006,"href":"https:\/\/rexbud.com.pl\/de\/wp-json\/wp\/v2\/pages\/10445\/revisions\/16006"}],"wp:attachment":[{"href":"https:\/\/rexbud.com.pl\/de\/wp-json\/wp\/v2\/media?parent=10445"}],"curies":[{"name":"wp","href":"https:\/\/api.w.org\/{rel}","templated":true}]}}