{"id":10478,"date":"2025-08-30T18:21:37","date_gmt":"2025-08-30T16:21:37","guid":{"rendered":"https:\/\/rexbud.com.pl\/?page_id=10478"},"modified":"2025-11-24T22:18:44","modified_gmt":"2025-11-24T21:18:44","slug":"%e5%95%86%e4%b8%9a%e5%92%8c%e6%9c%8d%e5%8a%a1%e8%ae%be%e6%96%bd","status":"publish","type":"page","link":"https:\/\/rexbud.com.pl\/zh\/%e5%95%86%e4%b8%9a%e5%92%8c%e6%9c%8d%e5%8a%a1%e8%ae%be%e6%96%bd\/","title":{"rendered":"\u5546\u4e1a\u548c\u670d\u52a1\u8bbe\u65bd"},"content":{"rendered":"<div data-elementor-type=\"wp-page\" data-elementor-id=\"10478\" class=\"elementor elementor-10478\" data-elementor-post-type=\"page\">\n\t\t\t\t<div class=\"elementor-element elementor-element-54673de e-con-full e-flex wpr-particle-no wpr-jarallax-no wpr-parallax-no wpr-sticky-section-no e-con e-parent\" data-id=\"54673de\" data-element_type=\"container\">\n\t\t<div class=\"elementor-element elementor-element-15f8292 e-flex e-con-boxed wpr-particle-no wpr-jarallax-no wpr-parallax-no wpr-sticky-section-no e-con e-child\" data-id=\"15f8292\" data-element_type=\"container\">\n\t\t\t\t\t<div class=\"e-con-inner\">\n\t\t<div class=\"elementor-element elementor-element-6afc7c1 e-con-full e-flex wpr-particle-no wpr-jarallax-no wpr-parallax-no wpr-sticky-section-no e-con e-child\" data-id=\"6afc7c1\" data-element_type=\"container\">\n\t\t\t\t<div class=\"elementor-element elementor-element-be44c35 jltma-glass-effect-no elementor-widget elementor-widget-heading\" data-id=\"be44c35\" data-element_type=\"widget\" data-widget_type=\"heading.default\">\n\t\t\t\t\t<h1 class=\"elementor-heading-title elementor-size-default\">\u5546\u4e1a\u548c\u670d\u52a1\u8bbe\u65bd<\/h1>\t\t\t\t<\/div>\n\t\t\t\t<\/div>\n\t\t<div class=\"elementor-element elementor-element-3a2136e e-con-full e-flex wpr-particle-no wpr-jarallax-no wpr-parallax-no wpr-sticky-section-no e-con e-child\" data-id=\"3a2136e\" data-element_type=\"container\">\n\t\t\t\t<div class=\"elementor-element elementor-element-231ce49 elementor-widget__width-inherit jltma-glass-effect-no elementor-widget elementor-widget-text-editor\" data-id=\"231ce49\" data-element_type=\"widget\" data-widget_type=\"text-editor.default\">\n\t\t\t\t\t\t\t\t\t<p>\u6211\u4eec\u5b9e\u73b0\u73b0\u4ee3\u5316\u7684\u5546\u4e1a\u548c\u670d\u52a1\u8bbe\u65bd\uff0c\u521b\u9020\u529f\u80fd\u9f50\u5168\u3001\u7f8e\u89c2\u5927\u65b9\u7684\u7a7a\u95f4\u3002\u6211\u4eec\u4e13\u6ce8\u4e8e\u521b\u65b0\u7684\u89e3\u51b3\u65b9\u6848\u548c\u6700\u9ad8\u8d28\u91cf\u7684\u5de5\u827a\uff0c\u56e0\u6b64\u53ef\u4ee5\u786e\u4fdd\u60a8\u83b7\u5f97\u9884\u671f\u7684\u6548\u679c\u3002.<\/p>\t\t\t\t\t\t\t\t<\/div>\n\t\t\t\t<div class=\"elementor-element elementor-element-932171a elementor-align-left elementor-widget__width-auto elementor-mobile-align-justify elementor-widget-mobile__width-inherit jltma-glass-effect-no elementor-widget elementor-widget-button\" data-id=\"932171a\" data-element_type=\"widget\" data-widget_type=\"button.default\">\n\t\t\t\t\t\t\t\t\t\t<a class=\"elementor-button elementor-button-link elementor-size-sm\" href=\"https:\/\/rexbud.com.pl\/zh\/%e8%81%94%e7%b3%bb%e6%96%b9%e5%bc%8f\/\">\n\t\t\t\t\t\t<span class=\"elementor-button-content-wrapper\">\n\t\t\t\t\t\t\t\t\t<span class=\"elementor-button-text\">\u8054\u7cfb\u6211\u4eec<\/span>\n\t\t\t\t\t<\/span>\n\t\t\t\t\t<\/a>\n\t\t\t\t\t\t\t\t<\/div>\n\t\t\t\t<\/div>\n\t\t\t\t\t<\/div>\n\t\t\t\t<\/div>\n\t\t<div class=\"elementor-element elementor-element-eab7f1f e-con-full hero-banner e-flex wpr-particle-no wpr-jarallax-no wpr-parallax-no wpr-sticky-section-no e-con e-child\" data-id=\"eab7f1f\" data-element_type=\"container\" data-settings=\"{&quot;background_background&quot;:&quot;classic&quot;,&quot;shape_divider_top&quot;:&quot;tilt&quot;}\">\n\t\t\t\t<div class=\"elementor-shape elementor-shape-top\" aria-hidden=\"true\" data-negative=\"false\">\n\t\t\t<svg xmlns=\"http:\/\/www.w3.org\/2000\/svg\" viewbox=\"0 0 1000 100\" preserveaspectratio=\"none\">\n\t<path class=\"elementor-shape-fill\" d=\"M0,6V0h1000v100L0,6z\"\/>\n<\/svg>\t\t<\/div>\n\t\t\t\t<\/div>\n\t\t\t\t<\/div>\n\t\t<div class=\"elementor-element elementor-element-09aa339 e-con-full e-flex wpr-particle-no wpr-jarallax-no wpr-parallax-no wpr-sticky-section-no e-con e-parent\" data-id=\"09aa339\" data-element_type=\"container\">\n\t\t\t\t<div class=\"elementor-element elementor-element-1d6aa47 images-carousel jltma-glass-effect-no elementor-widget elementor-widget-image-carousel\" data-id=\"1d6aa47\" data-element_type=\"widget\" data-settings=\"{&quot;slides_to_show&quot;:&quot;3&quot;,&quot;slides_to_show_tablet&quot;:&quot;3&quot;,&quot;slides_to_show_mobile&quot;:&quot;1&quot;,&quot;slides_to_scroll&quot;:&quot;1&quot;,&quot;navigation&quot;:&quot;none&quot;,&quot;autoplay_speed&quot;:1500,&quot;image_spacing_custom&quot;:{&quot;unit&quot;:&quot;px&quot;,&quot;size&quot;:5,&quot;sizes&quot;:[]},&quot;speed&quot;:2000,&quot;autoplay&quot;:&quot;yes&quot;,&quot;infinite&quot;:&quot;yes&quot;,&quot;image_spacing_custom_laptop&quot;:{&quot;unit&quot;:&quot;px&quot;,&quot;size&quot;:&quot;&quot;,&quot;sizes&quot;:[]},&quot;image_spacing_custom_tablet&quot;:{&quot;unit&quot;:&quot;px&quot;,&quot;size&quot;:&quot;&quot;,&quot;sizes&quot;:[]}}\" data-widget_type=\"image-carousel.default\">\n\t\t\t\t\t\t\t<div class=\"elementor-image-carousel-wrapper swiper\" role=\"region\" aria-roledescription=\"carousel\" aria-label=\"\u56fe\u50cf\u65cb\u8f6c\u6728\u9a6c\" dir=\"ltr\">\n\t\t\t<div class=\"elementor-image-carousel swiper-wrapper swiper-image-stretch\" aria-live=\"off\">\n\t\t\t\t\t\t\t\t<div class=\"swiper-slide\" role=\"group\" aria-roledescription=\"slide\" aria-label=\"1 z 3\"><a data-elementor-open-lightbox=\"yes\" data-elementor-lightbox-slideshow=\"1d6aa47\" data-elementor-lightbox-title=\"projekt centrum handlowe\" data-e-action-hash=\"#elementor-action%3Aaction%3Dlightbox%26settings%3DeyJpZCI6MTA0ODIsInVybCI6Imh0dHBzOlwvXC9yZXhidWQuY29tLnBsXC93cC1jb250ZW50XC91cGxvYWRzXC8yMDI1XC8wOFwvcHJvamVrdC1jZW50cnVtLWhhbmRvbG93ZS0yLndlYnAiLCJzbGlkZXNob3ciOiIxZDZhYTQ3In0%3D\" href=\"https:\/\/rexbud.com.pl\/wp-content\/uploads\/2025\/08\/projekt-centrum-handolowe-2.webp\"><figure class=\"swiper-slide-inner\"><img decoding=\"async\" class=\"swiper-slide-image\" src=\"https:\/\/rexbud.com.pl\/wp-content\/uploads\/2025\/08\/projekt-centrum-handolowe-2.webp\" alt=\"\u8d2d\u7269\u4e2d\u5fc3\u9879\u76ee\" \/><\/figure><\/a><\/div><div class=\"swiper-slide\" role=\"group\" aria-roledescription=\"slide\" aria-label=\"2 z 3\"><a data-elementor-open-lightbox=\"yes\" data-elementor-lightbox-slideshow=\"1d6aa47\" data-elementor-lightbox-title=\"projekt centrum handlowe\" data-e-action-hash=\"#elementor-action%3Aaction%3Dlightbox%26settings%3DeyJpZCI6MTA0ODMsInVybCI6Imh0dHBzOlwvXC9yZXhidWQuY29tLnBsXC93cC1jb250ZW50XC91cGxvYWRzXC8yMDI1XC8wOFwvcHJvamVrdC1jZW50cnVtLWhhbmRvbG93ZS0zLndlYnAiLCJzbGlkZXNob3ciOiIxZDZhYTQ3In0%3D\" href=\"https:\/\/rexbud.com.pl\/wp-content\/uploads\/2025\/08\/projekt-centrum-handolowe-3.webp\"><figure class=\"swiper-slide-inner\"><img decoding=\"async\" class=\"swiper-slide-image\" src=\"https:\/\/rexbud.com.pl\/wp-content\/uploads\/2025\/08\/projekt-centrum-handolowe-3.webp\" alt=\"\u8d2d\u7269\u4e2d\u5fc3\u9879\u76ee\" \/><\/figure><\/a><\/div><div class=\"swiper-slide\" role=\"group\" aria-roledescription=\"slide\" aria-label=\"3 z 3\"><a data-elementor-open-lightbox=\"yes\" data-elementor-lightbox-slideshow=\"1d6aa47\" data-elementor-lightbox-title=\"projekt centrum handlowe\" data-e-action-hash=\"#elementor-action%3Aaction%3Dlightbox%26settings%3DeyJpZCI6MTA0ODQsInVybCI6Imh0dHBzOlwvXC9yZXhidWQuY29tLnBsXC93cC1jb250ZW50XC91cGxvYWRzXC8yMDI1XC8wOFwvcHJvamVrdC1jZW50cnVtLWhhbmRvbG93ZS00LndlYnAiLCJzbGlkZXNob3ciOiIxZDZhYTQ3In0%3D\" href=\"https:\/\/rexbud.com.pl\/wp-content\/uploads\/2025\/08\/projekt-centrum-handolowe-4.webp\"><figure class=\"swiper-slide-inner\"><img decoding=\"async\" class=\"swiper-slide-image\" src=\"https:\/\/rexbud.com.pl\/wp-content\/uploads\/2025\/08\/projekt-centrum-handolowe-4.webp\" alt=\"\u8d2d\u7269\u4e2d\u5fc3\u9879\u76ee\" \/><\/figure><\/a><\/div>\t\t\t<\/div>\n\t\t\t\t\t\t\t\n\t\t\t\t\t\t\t\t\t<\/div>\n\t\t\t\t\t\t<\/div>\n\t\t\t\t<\/div>\n\t\t<div class=\"elementor-element elementor-element-c231e08 e-flex e-con-boxed wpr-particle-no wpr-jarallax-no wpr-parallax-no wpr-sticky-section-no e-con e-child\" data-id=\"c231e08\" data-element_type=\"container\">\n\t\t\t\t\t<div class=\"e-con-inner\">\n\t\t<div class=\"elementor-element elementor-element-2743d78 e-con-full e-flex wpr-particle-no wpr-jarallax-no wpr-parallax-no wpr-sticky-section-no e-con e-child\" data-id=\"2743d78\" data-element_type=\"container\">\n\t\t\t\t<div class=\"elementor-element elementor-element-ac7d609 elementor-widget__width-inherit jltma-glass-effect-no elementor-widget elementor-widget-heading\" data-id=\"ac7d609\" data-element_type=\"widget\" data-widget_type=\"heading.default\">\n\t\t\t\t\t<h2 class=\"elementor-heading-title elementor-size-default\">\u4f60\u4eec\u4e3a\u5ba2\u6237\u5efa\u9020\u54ea\u4e9b\u7c7b\u578b\u7684\u96f6\u552e\u548c\u670d\u52a1\u8bbe\u65bd\uff1f<\/h2>\t\t\t\t<\/div>\n\t\t\t\t<div class=\"elementor-element elementor-element-2c21753 elementor-widget__width-inherit jltma-glass-effect-no elementor-widget elementor-widget-text-editor\" data-id=\"2c21753\" data-element_type=\"widget\" data-widget_type=\"text-editor.default\">\n\t\t\t\t\t\t\t\t\t<p data-start=\"77\" data-end=\"211\">\u6211\u4eec\u6839\u636e\u5ba2\u6237\u7684\u9700\u6c42\u5efa\u9020\u5404\u79cd\u96f6\u552e\u548c\u670d\u52a1\u8bbe\u65bd\u3002\u6211\u4eec\u7684\u4ea7\u54c1\u7ec4\u5408\u5305\u62ec\u8d2d\u7269\u4e2d\u5fc3\u3001\u96f6\u552e\u516c\u56ed\u3001\u5927\u578b\u5546\u5e97\u3001\u670d\u52a1\u548c\u9910\u996e\u9986\u7b49\uff0c\u4ee5\u6ee1\u8db3\u5f53\u5730\u793e\u533a\u7684\u9700\u6c42\u3002.<\/p>\t\t\t\t\t\t\t\t<\/div>\n\t\t\t\t<\/div>\n\t\t<div class=\"elementor-element elementor-element-7b26812 e-con-full e-flex wpr-particle-no wpr-jarallax-no wpr-parallax-no wpr-sticky-section-no e-con e-child\" data-id=\"7b26812\" data-element_type=\"container\">\n\t\t\t\t<\/div>\n\t\t\t\t\t<\/div>\n\t\t\t\t<\/div>\n\t\t<div class=\"elementor-element elementor-element-40b6a06 e-flex e-con-boxed wpr-particle-no wpr-jarallax-no wpr-parallax-no wpr-sticky-section-no e-con e-parent\" data-id=\"40b6a06\" data-element_type=\"container\" data-settings=\"{&quot;background_background&quot;:&quot;classic&quot;}\">\n\t\t\t\t\t<div class=\"e-con-inner\">\n\t\t<div class=\"elementor-element elementor-element-df699a8 e-con-full e-flex wpr-particle-no wpr-jarallax-no wpr-parallax-no wpr-sticky-section-no e-con e-child\" data-id=\"df699a8\" data-element_type=\"container\">\n\t\t\t\t<div class=\"elementor-element elementor-element-26f7c17 elementor-widget__width-inherit jltma-glass-effect-no elementor-widget elementor-widget-heading\" data-id=\"26f7c17\" data-element_type=\"widget\" data-widget_type=\"heading.default\">\n\t\t\t\t\t<h3 class=\"elementor-heading-title elementor-size-default\">\u8ba9\u6211\u4eec\u4e00\u8d77\u521b\u9020\u4e00\u4e9b\u7279\u522b\u7684\u4e1c\u897f\uff01<\/h3>\t\t\t\t<\/div>\n\t\t\t\t<\/div>\n\t\t<div class=\"elementor-element elementor-element-234e43b e-con-full e-flex wpr-particle-no wpr-jarallax-no wpr-parallax-no wpr-sticky-section-no e-con e-child\" data-id=\"234e43b\" data-element_type=\"container\">\n\t\t\t\t<div class=\"elementor-element elementor-element-7d8dcee elementor-widget__width-inherit tel-form rex-form rex-form-tel elementor-button-align-stretch jltma-glass-effect-no elementor-widget elementor-widget-form\" data-id=\"7d8dcee\" data-element_type=\"widget\" data-settings=\"{&quot;button_width&quot;:&quot;25&quot;,&quot;step_next_label&quot;:&quot;Nast\\u0119pny&quot;,&quot;step_previous_label&quot;:&quot;Poprzedni&quot;,&quot;step_type&quot;:&quot;none&quot;,&quot;step_icon_shape&quot;:&quot;circle&quot;}\" data-widget_type=\"form.default\">\n\t\t\t\t\t\t\t<form class=\"elementor-form\" method=\"post\" name=\"Formularz - Tel - Obiekty handlowo-us\u0142ugowe\" aria-label=\"\u8868\u683c - \u7535\u8bdd - \u5546\u4e1a\u4e0e\u670d\u52a1\u8bbe\u65bd\" action=\"\">\n\t\t\t<input type=\"hidden\" name=\"post_id\" value=\"10478\"\/>\n\t\t\t<input type=\"hidden\" name=\"form_id\" value=\"7d8dcee\"\/>\n\t\t\t<input type=\"hidden\" name=\"referer_title\" value=\"Obiekty handlowo-us\u0142ugowe - Rex-Bud Budownictwo\" \/>\n\n\t\t\t\t\t\t\t<input type=\"hidden\" name=\"queried_id\" value=\"10478\"\/>\n\t\t\t\n\t\t\t<div class=\"elementor-form-fields-wrapper elementor-labels-above\">\n\t\t\t\t\t\t\t\t<div class=\"elementor-field-type-tel elementor-field-group elementor-column elementor-field-group-tel elementor-col-75 elementor-field-required\">\n\t\t\t\t\t\t\t<input size=\"1\" type=\"tel\" name=\"form_fields[tel]\" id=\"form-field-tel\" class=\"elementor-field elementor-size-lg  elementor-field-textual\" placeholder=\"\u60a8\u7684\u7535\u8bdd\u53f7\u7801\" required=\"required\" pattern=\"[0-9()#&amp;+*-=.]+\" title=\"\u53ea\u63a5\u53d7\u6570\u5b57\u548c\u7535\u8bdd\u5b57\u7b26 (#,-,*)\u3002.\">\n\n\t\t\t\t\t\t<\/div>\n\t\t\t\t\t\t\t\t<div class=\"elementor-field-type-recaptcha_v3 elementor-field-group elementor-column elementor-field-group-field_4c220bc elementor-col-100 recaptcha_v3-bottomright\">\n\t\t\t\t\t<div class=\"elementor-field\" id=\"form-field-field_4c220bc\"><div class=\"elementor-g-recaptcha\" data-sitekey=\"6LfS7xYsAAAAAI2CwnFG5OwIC4iAnVXLnht3Ocjk\" data-type=\"v3\" data-action=\"Form\" data-badge=\"bottomright\" data-size=\"invisible\"><\/div><\/div>\t\t\t\t<\/div>\n\t\t\t\t\t\t\t\t<div class=\"elementor-field-group elementor-column elementor-field-type-submit elementor-col-25 e-form__buttons\">\n\t\t\t\t\t<button class=\"elementor-button elementor-size-lg\" type=\"submit\">\n\t\t\t\t\t\t<span class=\"elementor-button-content-wrapper\">\n\t\t\t\t\t\t\t\t\t\t\t\t\t\t\t\t\t\t\t\t\t\t<span class=\"elementor-button-text\">\u53d1\u9001<\/span>\n\t\t\t\t\t\t\t\t\t\t\t\t\t<\/span>\n\t\t\t\t\t<\/button>\n\t\t\t\t<\/div>\n\t\t\t<\/div>\n\t\t<input type=\"hidden\" name=\"trp-form-language\" value=\"zh\"\/><\/form>\n\t\t\t\t\t\t<\/div>\n\t\t\t\t<\/div>\n\t\t\t\t\t<\/div>\n\t\t\t\t<\/div>\n\t\t\t\t<\/div>","protected":false},"excerpt":{"rendered":"<p>Obiekty handlowo-us\u0142ugowe Realizujemy nowoczesne obiekty handlowo-us\u0142ugowe, tworz\u0105c funkcjonalne i estetyczne przestrzenie. Stawiamy na innowacyjne rozwi\u0105zania i najwy\u017csz\u0105 jako\u015b\u0107 wykonania, dlatego mo\u017cesz by\u0107 pewien oczekiwanych rezultat\u00f3w. Skontaktuj si\u0119 z nami Jakie rodzaje obiekt\u00f3w handlowo-us\u0142ugowych budujecie dla swoich Klient\u00f3w? Budujemy szerok\u0105 gam\u0119 obiekt\u00f3w handlowo-us\u0142ugowych dostosowanych do potrzeb naszych Klient\u00f3w. W naszym portfolio znajduj\u0105 si\u0119 mi\u0119dzy innymi centra handlowe, retail parki, sklepy wielkopowierzchniowe,\u00a0 pawilony us\u0142ugowe i gastronomiczne odpowiadaj\u0105ce na potrzeby lokalnych spo\u0142eczno\u015bci. Zbudujmy razem co\u015b wyj\u0105tkowego!<\/p>","protected":false},"author":1,"featured_media":0,"parent":0,"menu_order":0,"comment_status":"closed","ping_status":"closed","template":"elementor_header_footer","meta":{"_acf_changed":false,"inline_featured_image":false,"footnotes":""},"class_list":["post-10478","page","type-page","status-publish","hentry"],"acf":[],"_links":{"self":[{"href":"https:\/\/rexbud.com.pl\/zh\/wp-json\/wp\/v2\/pages\/10478","targetHints":{"allow":["GET"]}}],"collection":[{"href":"https:\/\/rexbud.com.pl\/zh\/wp-json\/wp\/v2\/pages"}],"about":[{"href":"https:\/\/rexbud.com.pl\/zh\/wp-json\/wp\/v2\/types\/page"}],"author":[{"embeddable":true,"href":"https:\/\/rexbud.com.pl\/zh\/wp-json\/wp\/v2\/users\/1"}],"replies":[{"embeddable":true,"href":"https:\/\/rexbud.com.pl\/zh\/wp-json\/wp\/v2\/comments?post=10478"}],"version-history":[{"count":46,"href":"https:\/\/rexbud.com.pl\/zh\/wp-json\/wp\/v2\/pages\/10478\/revisions"}],"predecessor-version":[{"id":16009,"href":"https:\/\/rexbud.com.pl\/zh\/wp-json\/wp\/v2\/pages\/10478\/revisions\/16009"}],"wp:attachment":[{"href":"https:\/\/rexbud.com.pl\/zh\/wp-json\/wp\/v2\/media?parent=10478"}],"curies":[{"name":"wp","href":"https:\/\/api.w.org\/{rel}","templated":true}]}}