{"id":10495,"date":"2025-08-30T18:32:44","date_gmt":"2025-08-30T16:32:44","guid":{"rendered":"https:\/\/rexbud.com.pl\/?page_id=10495"},"modified":"2025-11-24T22:19:12","modified_gmt":"2025-11-24T21:19:12","slug":"%e4%bb%93%e5%82%a8%e5%92%8c%e7%89%a9%e6%b5%81%e8%ae%be%e6%96%bd","status":"publish","type":"page","link":"https:\/\/rexbud.com.pl\/zh\/%e4%bb%93%e5%82%a8%e5%92%8c%e7%89%a9%e6%b5%81%e8%ae%be%e6%96%bd\/","title":{"rendered":"\u4ed3\u5e93\u548c\u7269\u6d41\u8bbe\u65bd"},"content":{"rendered":"<div data-elementor-type=\"wp-page\" data-elementor-id=\"10495\" class=\"elementor elementor-10495\" data-elementor-post-type=\"page\">\n\t\t\t\t<div class=\"elementor-element elementor-element-54673de e-con-full e-flex wpr-particle-no wpr-jarallax-no wpr-parallax-no wpr-sticky-section-no e-con e-parent\" data-id=\"54673de\" data-element_type=\"container\">\n\t\t<div class=\"elementor-element elementor-element-15f8292 e-flex e-con-boxed wpr-particle-no wpr-jarallax-no wpr-parallax-no wpr-sticky-section-no e-con e-child\" data-id=\"15f8292\" data-element_type=\"container\">\n\t\t\t\t\t<div class=\"e-con-inner\">\n\t\t<div class=\"elementor-element elementor-element-6afc7c1 e-con-full e-flex wpr-particle-no wpr-jarallax-no wpr-parallax-no wpr-sticky-section-no e-con e-child\" data-id=\"6afc7c1\" data-element_type=\"container\">\n\t\t\t\t<div class=\"elementor-element elementor-element-be44c35 jltma-glass-effect-no elementor-widget elementor-widget-heading\" data-id=\"be44c35\" data-element_type=\"widget\" data-widget_type=\"heading.default\">\n\t\t\t\t\t<h1 class=\"elementor-heading-title elementor-size-default\">\u4ed3\u5e93\u548c\u7269\u6d41\u8bbe\u65bd<\/h1>\t\t\t\t<\/div>\n\t\t\t\t<\/div>\n\t\t<div class=\"elementor-element elementor-element-3a2136e e-con-full e-flex wpr-particle-no wpr-jarallax-no wpr-parallax-no wpr-sticky-section-no e-con e-child\" data-id=\"3a2136e\" data-element_type=\"container\">\n\t\t\t\t<div class=\"elementor-element elementor-element-231ce49 elementor-widget__width-inherit jltma-glass-effect-no elementor-widget elementor-widget-text-editor\" data-id=\"231ce49\" data-element_type=\"widget\" data-widget_type=\"text-editor.default\">\n\t\t\t\t\t\t\t\t\t<p>\u6211\u4eec\u5728\u73b0\u4ee3\u7269\u6d41\u548c\u4ed3\u50a8\u5927\u5385\u7684\u8bbe\u8ba1\u548c\u603b\u627f\u5305\u65b9\u9762\u62e5\u6709\u826f\u597d\u7684\u4e1a\u7ee9\uff0c\u4f18\u5316\u4e86\u7a7a\u95f4\u548c\u6d41\u7a0b\uff0c\u786e\u4fdd\u4e3a\u5ba2\u6237\u63d0\u4f9b\u6700\u9ad8\u6548\u7387\u7684\u4f9b\u5e94\u94fe\u7ba1\u7406\u3002.<\/p>\t\t\t\t\t\t\t\t<\/div>\n\t\t\t\t<div class=\"elementor-element elementor-element-f307294 elementor-align-left elementor-widget__width-auto elementor-mobile-align-justify elementor-widget-mobile__width-inherit jltma-glass-effect-no elementor-widget elementor-widget-button\" data-id=\"f307294\" data-element_type=\"widget\" data-widget_type=\"button.default\">\n\t\t\t\t\t\t\t\t\t\t<a class=\"elementor-button elementor-button-link elementor-size-sm\" href=\"https:\/\/rexbud.com.pl\/zh\/%e8%81%94%e7%b3%bb%e6%96%b9%e5%bc%8f\/\">\n\t\t\t\t\t\t<span class=\"elementor-button-content-wrapper\">\n\t\t\t\t\t\t\t\t\t<span class=\"elementor-button-text\">\u8054\u7cfb\u6211\u4eec<\/span>\n\t\t\t\t\t<\/span>\n\t\t\t\t\t<\/a>\n\t\t\t\t\t\t\t\t<\/div>\n\t\t\t\t<\/div>\n\t\t\t\t\t<\/div>\n\t\t\t\t<\/div>\n\t\t<div class=\"elementor-element elementor-element-eab7f1f e-con-full hero-banner e-flex wpr-particle-no wpr-jarallax-no wpr-parallax-no wpr-sticky-section-no e-con e-child\" data-id=\"eab7f1f\" data-element_type=\"container\" data-settings=\"{&quot;background_background&quot;:&quot;classic&quot;,&quot;shape_divider_top&quot;:&quot;tilt&quot;}\">\n\t\t\t\t<div class=\"elementor-shape elementor-shape-top\" aria-hidden=\"true\" data-negative=\"false\">\n\t\t\t<svg xmlns=\"http:\/\/www.w3.org\/2000\/svg\" viewbox=\"0 0 1000 100\" preserveaspectratio=\"none\">\n\t<path class=\"elementor-shape-fill\" d=\"M0,6V0h1000v100L0,6z\"\/>\n<\/svg>\t\t<\/div>\n\t\t\t\t<\/div>\n\t\t\t\t<\/div>\n\t\t<div class=\"elementor-element elementor-element-09aa339 e-con-full e-flex wpr-particle-no wpr-jarallax-no wpr-parallax-no wpr-sticky-section-no e-con e-parent\" data-id=\"09aa339\" data-element_type=\"container\">\n\t\t\t\t<div class=\"elementor-element elementor-element-1d6aa47 images-carousel jltma-glass-effect-no elementor-widget elementor-widget-image-carousel\" data-id=\"1d6aa47\" data-element_type=\"widget\" data-settings=\"{&quot;slides_to_show&quot;:&quot;3&quot;,&quot;slides_to_show_tablet&quot;:&quot;3&quot;,&quot;slides_to_show_mobile&quot;:&quot;1&quot;,&quot;slides_to_scroll&quot;:&quot;1&quot;,&quot;navigation&quot;:&quot;none&quot;,&quot;autoplay_speed&quot;:1500,&quot;image_spacing_custom&quot;:{&quot;unit&quot;:&quot;px&quot;,&quot;size&quot;:5,&quot;sizes&quot;:[]},&quot;speed&quot;:2000,&quot;autoplay&quot;:&quot;yes&quot;,&quot;infinite&quot;:&quot;yes&quot;,&quot;image_spacing_custom_laptop&quot;:{&quot;unit&quot;:&quot;px&quot;,&quot;size&quot;:&quot;&quot;,&quot;sizes&quot;:[]},&quot;image_spacing_custom_tablet&quot;:{&quot;unit&quot;:&quot;px&quot;,&quot;size&quot;:&quot;&quot;,&quot;sizes&quot;:[]}}\" data-widget_type=\"image-carousel.default\">\n\t\t\t\t\t\t\t<div class=\"elementor-image-carousel-wrapper swiper\" role=\"region\" aria-roledescription=\"carousel\" aria-label=\"\u56fe\u50cf\u65cb\u8f6c\u6728\u9a6c\" dir=\"ltr\">\n\t\t\t<div class=\"elementor-image-carousel swiper-wrapper swiper-image-stretch\" aria-live=\"off\">\n\t\t\t\t\t\t\t\t<div class=\"swiper-slide\" role=\"group\" aria-roledescription=\"slide\" aria-label=\"1 \/ 3\"><a data-elementor-open-lightbox=\"yes\" data-elementor-lightbox-slideshow=\"1d6aa47\" data-elementor-lightbox-title=\"magazyn\" data-e-action-hash=\"#elementor-action%3Aaction%3Dlightbox%26settings%3DeyJpZCI6MTA1MTAsInVybCI6Imh0dHBzOlwvXC9yZXhidWQuY29tLnBsXC93cC1jb250ZW50XC91cGxvYWRzXC8yMDI1XC8wOFwvbWFnYXp5bi0yLTEud2VicCIsInNsaWRlc2hvdyI6IjFkNmFhNDcifQ%3D%3D\" href=\"https:\/\/rexbud.com.pl\/wp-content\/uploads\/2025\/08\/magazyn-2-1.webp\"><figure class=\"swiper-slide-inner\"><img decoding=\"async\" class=\"swiper-slide-image\" src=\"https:\/\/rexbud.com.pl\/wp-content\/uploads\/2025\/08\/magazyn-2-1.webp\" alt=\"\u6697\u76d2\" \/><\/figure><\/a><\/div><div class=\"swiper-slide\" role=\"group\" aria-roledescription=\"slide\" aria-label=\"2 \/ 3\"><a data-elementor-open-lightbox=\"yes\" data-elementor-lightbox-slideshow=\"1d6aa47\" data-elementor-lightbox-title=\"magazyn\" data-e-action-hash=\"#elementor-action%3Aaction%3Dlightbox%26settings%3DeyJpZCI6MTA1MTEsInVybCI6Imh0dHBzOlwvXC9yZXhidWQuY29tLnBsXC93cC1jb250ZW50XC91cGxvYWRzXC8yMDI1XC8wOFwvbWFnYXp5bi0zLTEud2VicCIsInNsaWRlc2hvdyI6IjFkNmFhNDcifQ%3D%3D\" href=\"https:\/\/rexbud.com.pl\/wp-content\/uploads\/2025\/08\/magazyn-3-1.webp\"><figure class=\"swiper-slide-inner\"><img decoding=\"async\" class=\"swiper-slide-image\" src=\"https:\/\/rexbud.com.pl\/wp-content\/uploads\/2025\/08\/magazyn-3-1.webp\" alt=\"\u6697\u76d2\" \/><\/figure><\/a><\/div><div class=\"swiper-slide\" role=\"group\" aria-roledescription=\"slide\" aria-label=\"3 \/ 3\"><a data-elementor-open-lightbox=\"yes\" data-elementor-lightbox-slideshow=\"1d6aa47\" data-elementor-lightbox-title=\"magazyn\" data-e-action-hash=\"#elementor-action%3Aaction%3Dlightbox%26settings%3DeyJpZCI6MTA1MTIsInVybCI6Imh0dHBzOlwvXC9yZXhidWQuY29tLnBsXC93cC1jb250ZW50XC91cGxvYWRzXC8yMDI1XC8wOFwvbWFnYXp5bi01LndlYnAiLCJzbGlkZXNob3ciOiIxZDZhYTQ3In0%3D\" href=\"https:\/\/rexbud.com.pl\/wp-content\/uploads\/2025\/08\/magazyn-5.webp\"><figure class=\"swiper-slide-inner\"><img decoding=\"async\" class=\"swiper-slide-image\" src=\"https:\/\/rexbud.com.pl\/wp-content\/uploads\/2025\/08\/magazyn-5.webp\" alt=\"\u6697\u76d2\" \/><\/figure><\/a><\/div>\t\t\t<\/div>\n\t\t\t\t\t\t\t\n\t\t\t\t\t\t\t\t\t<\/div>\n\t\t\t\t\t\t<\/div>\n\t\t\t\t<\/div>\n\t\t<div class=\"elementor-element elementor-element-ea056de e-con-full e-flex wpr-particle-no wpr-jarallax-no wpr-parallax-no wpr-sticky-section-no e-con e-parent\" data-id=\"ea056de\" data-element_type=\"container\">\n\t\t\t\t<div class=\"elementor-element elementor-element-f40fd38 images-carousel jltma-glass-effect-no elementor-widget elementor-widget-image-carousel\" data-id=\"f40fd38\" data-element_type=\"widget\" data-settings=\"{&quot;slides_to_show&quot;:&quot;3&quot;,&quot;slides_to_show_tablet&quot;:&quot;3&quot;,&quot;slides_to_show_mobile&quot;:&quot;1&quot;,&quot;slides_to_scroll&quot;:&quot;1&quot;,&quot;navigation&quot;:&quot;none&quot;,&quot;autoplay_speed&quot;:1500,&quot;image_spacing_custom&quot;:{&quot;unit&quot;:&quot;px&quot;,&quot;size&quot;:5,&quot;sizes&quot;:[]},&quot;speed&quot;:2000,&quot;autoplay&quot;:&quot;yes&quot;,&quot;infinite&quot;:&quot;yes&quot;,&quot;image_spacing_custom_laptop&quot;:{&quot;unit&quot;:&quot;px&quot;,&quot;size&quot;:&quot;&quot;,&quot;sizes&quot;:[]},&quot;image_spacing_custom_tablet&quot;:{&quot;unit&quot;:&quot;px&quot;,&quot;size&quot;:&quot;&quot;,&quot;sizes&quot;:[]}}\" data-widget_type=\"image-carousel.default\">\n\t\t\t\t\t\t\t<div class=\"elementor-image-carousel-wrapper swiper\" role=\"region\" aria-roledescription=\"carousel\" aria-label=\"\u56fe\u50cf\u65cb\u8f6c\u6728\u9a6c\" dir=\"rtl\">\n\t\t\t<div class=\"elementor-image-carousel swiper-wrapper swiper-image-stretch\" aria-live=\"off\">\n\t\t\t\t\t\t\t\t<div class=\"swiper-slide\" role=\"group\" aria-roledescription=\"slide\" aria-label=\"1 \/ 4\"><a data-elementor-open-lightbox=\"yes\" data-elementor-lightbox-slideshow=\"f40fd38\" data-elementor-lightbox-title=\"magazyn\" data-e-action-hash=\"#elementor-action%3Aaction%3Dlightbox%26settings%3DeyJpZCI6MTA1MTMsInVybCI6Imh0dHBzOlwvXC9yZXhidWQuY29tLnBsXC93cC1jb250ZW50XC91cGxvYWRzXC8yMDI1XC8wOFwvbWFnYXp5bi02LndlYnAiLCJzbGlkZXNob3ciOiJmNDBmZDM4In0%3D\" href=\"https:\/\/rexbud.com.pl\/wp-content\/uploads\/2025\/08\/magazyn-6.webp\"><figure class=\"swiper-slide-inner\"><img decoding=\"async\" class=\"swiper-slide-image\" src=\"https:\/\/rexbud.com.pl\/wp-content\/uploads\/2025\/08\/magazyn-6.webp\" alt=\"\u6697\u76d2\" \/><\/figure><\/a><\/div><div class=\"swiper-slide\" role=\"group\" aria-roledescription=\"slide\" aria-label=\"2 \/ 4\"><a data-elementor-open-lightbox=\"yes\" data-elementor-lightbox-slideshow=\"f40fd38\" data-elementor-lightbox-title=\"magazyn\" data-e-action-hash=\"#elementor-action%3Aaction%3Dlightbox%26settings%3DeyJpZCI6MTA1MTQsInVybCI6Imh0dHBzOlwvXC9yZXhidWQuY29tLnBsXC93cC1jb250ZW50XC91cGxvYWRzXC8yMDI1XC8wOFwvbWFnYXp5bi03LndlYnAiLCJzbGlkZXNob3ciOiJmNDBmZDM4In0%3D\" href=\"https:\/\/rexbud.com.pl\/wp-content\/uploads\/2025\/08\/magazyn-7.webp\"><figure class=\"swiper-slide-inner\"><img decoding=\"async\" class=\"swiper-slide-image\" src=\"https:\/\/rexbud.com.pl\/wp-content\/uploads\/2025\/08\/magazyn-7.webp\" alt=\"\u6697\u76d2\" \/><\/figure><\/a><\/div><div class=\"swiper-slide\" role=\"group\" aria-roledescription=\"slide\" aria-label=\"3 \/ 4\"><a data-elementor-open-lightbox=\"yes\" data-elementor-lightbox-slideshow=\"f40fd38\" data-elementor-lightbox-title=\"magazyn\" data-e-action-hash=\"#elementor-action%3Aaction%3Dlightbox%26settings%3DeyJpZCI6MTA1MTUsInVybCI6Imh0dHBzOlwvXC9yZXhidWQuY29tLnBsXC93cC1jb250ZW50XC91cGxvYWRzXC8yMDI1XC8wOFwvbWFnYXp5bi04LndlYnAiLCJzbGlkZXNob3ciOiJmNDBmZDM4In0%3D\" href=\"https:\/\/rexbud.com.pl\/wp-content\/uploads\/2025\/08\/magazyn-8.webp\"><figure class=\"swiper-slide-inner\"><img decoding=\"async\" class=\"swiper-slide-image\" src=\"https:\/\/rexbud.com.pl\/wp-content\/uploads\/2025\/08\/magazyn-8.webp\" alt=\"\u6697\u76d2\" \/><\/figure><\/a><\/div><div class=\"swiper-slide\" role=\"group\" aria-roledescription=\"slide\" aria-label=\"4 \/ 4\"><a data-elementor-open-lightbox=\"yes\" data-elementor-lightbox-slideshow=\"f40fd38\" data-elementor-lightbox-title=\"magazyn\" data-e-action-hash=\"#elementor-action%3Aaction%3Dlightbox%26settings%3DeyJpZCI6MTA1MTcsInVybCI6Imh0dHBzOlwvXC9yZXhidWQuY29tLnBsXC93cC1jb250ZW50XC91cGxvYWRzXC8yMDI1XC8wOFwvbWFnYXp5bi05LTEuanBnIiwic2xpZGVzaG93IjoiZjQwZmQzOCJ9\" href=\"https:\/\/rexbud.com.pl\/wp-content\/uploads\/2025\/08\/magazyn-9-1.jpg\"><figure class=\"swiper-slide-inner\"><img decoding=\"async\" class=\"swiper-slide-image\" src=\"https:\/\/rexbud.com.pl\/wp-content\/uploads\/2025\/08\/magazyn-9-1.jpg\" alt=\"\u6697\u76d2\" \/><\/figure><\/a><\/div>\t\t\t<\/div>\n\t\t\t\t\t\t\t\n\t\t\t\t\t\t\t\t\t<\/div>\n\t\t\t\t\t\t<\/div>\n\t\t\t\t<\/div>\n\t\t<div class=\"elementor-element elementor-element-c231e08 e-flex e-con-boxed wpr-particle-no wpr-jarallax-no wpr-parallax-no wpr-sticky-section-no e-con e-child\" data-id=\"c231e08\" data-element_type=\"container\">\n\t\t\t\t\t<div class=\"e-con-inner\">\n\t\t<div class=\"elementor-element elementor-element-2743d78 e-con-full e-flex wpr-particle-no wpr-jarallax-no wpr-parallax-no wpr-sticky-section-no e-con e-child\" data-id=\"2743d78\" data-element_type=\"container\">\n\t\t\t\t<div class=\"elementor-element elementor-element-ac7d609 elementor-widget__width-inherit jltma-glass-effect-no elementor-widget elementor-widget-heading\" data-id=\"ac7d609\" data-element_type=\"widget\" data-widget_type=\"heading.default\">\n\t\t\t\t\t<h2 class=\"elementor-heading-title elementor-size-default\">\u4ed3\u5e93\u7684\u8bbe\u8ba1\u4e3b\u8981\u53d6\u51b3\u4e8e\u5176\u7528\u9014<\/h2>\t\t\t\t<\/div>\n\t\t\t\t<div class=\"elementor-element elementor-element-2c21753 elementor-widget__width-inherit jltma-glass-effect-no elementor-widget elementor-widget-text-editor\" data-id=\"2c21753\" data-element_type=\"widget\" data-widget_type=\"text-editor.default\">\n\t\t\t\t\t\t\t\t\t<p data-start=\"0\" data-end=\"750\">\u8bbe\u8ba1\u4ed3\u5e93\u662f\u4e00\u4e2a\u8fc7\u7a0b\uff0c\u5176\u76ee\u7684\u5728\u5176\u4e2d\u8d77\u7740\u5173\u952e\u4f5c\u7528\u3002\u6211\u4eec\u5c06\u4ee5\u4e0d\u540c\u7684\u65b9\u5f0f\u4e3a\u7269\u6d41\u4e2d\u5fc3\u89c4\u5212\u7a7a\u95f4\uff0c\u4ee5\u4e0d\u540c\u7684\u65b9\u5f0f\u4e3a\u751f\u4ea7\u8bbe\u65bd\u89c4\u5212\u7a7a\u95f4\uff0c\u4ee5\u4e0d\u540c\u7684\u65b9\u5f0f\u4e3a\u4ea4\u53c9\u5806\u653e\u8bbe\u65bd\u89c4\u5212\u7a7a\u95f4\u3002\u5efa\u7b51\u7269\u7684\u7528\u9014\u51b3\u5b9a\u4e86\u5176\u529f\u80fd\u5e03\u5c40\u3001\u9ad8\u5ea6\u3001\u5efa\u7b51\u7c7b\u578b\u3001\u7801\u5934\u4f4d\u7f6e\u6216\u6240\u4f7f\u7528\u7684\u6280\u672f\u3002\u56e0\u6b64\uff0c\u6bcf\u4e2a\u9879\u76ee\u90fd\u662f\u5355\u72ec\u8bbe\u8ba1\u7684\uff0c\u540c\u65f6\u8003\u8651\u5230\u6295\u8d44\u65b9\u7684\u8981\u6c42\u4ee5\u53ca\u672a\u6765\u5728\u8bbe\u65bd\u4e2d\u5b9e\u73b0\u7684\u5de5\u827a\u7684\u5177\u4f53\u60c5\u51b5\u3002\u901a\u8fc7\u8fd9\u79cd\u65b9\u6cd5\uff0c\u4e0d\u4ec5\u53ef\u4ee5\u5efa\u9020\u51fa\u73b0\u4ee3\u3001\u7f8e\u89c2\u7684\u5927\u5385\uff0c\u66f4\u91cd\u8981\u7684\u662f\u53ef\u4ee5\u6ee1\u8db3\u7528\u6237\u7684\u9700\u6c42\uff0c\u4ece\u800c\u63d0\u9ad8\u6574\u4e2a\u4f01\u4e1a\u7684\u6548\u7387\u3002.<\/p>\t\t\t\t\t\t\t\t<\/div>\n\t\t\t\t<\/div>\n\t\t\t\t\t<\/div>\n\t\t\t\t<\/div>\n\t\t<div class=\"elementor-element elementor-element-40b6a06 e-flex e-con-boxed wpr-particle-no wpr-jarallax-no wpr-parallax-no wpr-sticky-section-no e-con e-parent\" data-id=\"40b6a06\" data-element_type=\"container\" data-settings=\"{&quot;background_background&quot;:&quot;classic&quot;}\">\n\t\t\t\t\t<div class=\"e-con-inner\">\n\t\t<div class=\"elementor-element elementor-element-df699a8 e-con-full e-flex wpr-particle-no wpr-jarallax-no wpr-parallax-no wpr-sticky-section-no e-con e-child\" data-id=\"df699a8\" data-element_type=\"container\">\n\t\t\t\t<div class=\"elementor-element elementor-element-26f7c17 elementor-widget__width-inherit jltma-glass-effect-no elementor-widget elementor-widget-heading\" data-id=\"26f7c17\" data-element_type=\"widget\" data-widget_type=\"heading.default\">\n\t\t\t\t\t<h3 class=\"elementor-heading-title elementor-size-default\">\u8ba9\u6211\u4eec\u4e00\u8d77\u521b\u9020\u4e00\u4e9b\u7279\u522b\u7684\u4e1c\u897f\uff01<\/h3>\t\t\t\t<\/div>\n\t\t\t\t<\/div>\n\t\t<div class=\"elementor-element elementor-element-234e43b e-con-full e-flex wpr-particle-no wpr-jarallax-no wpr-parallax-no wpr-sticky-section-no e-con e-child\" data-id=\"234e43b\" data-element_type=\"container\">\n\t\t\t\t<div class=\"elementor-element elementor-element-d30d661 elementor-widget__width-inherit tel-form rex-form rex-form-tel elementor-button-align-stretch jltma-glass-effect-no elementor-widget elementor-widget-form\" data-id=\"d30d661\" data-element_type=\"widget\" data-settings=\"{&quot;button_width&quot;:&quot;25&quot;,&quot;step_next_label&quot;:&quot;Nast\\u0119pny&quot;,&quot;step_previous_label&quot;:&quot;Poprzedni&quot;,&quot;step_type&quot;:&quot;none&quot;,&quot;step_icon_shape&quot;:&quot;circle&quot;}\" data-widget_type=\"form.default\">\n\t\t\t\t\t\t\t<form class=\"elementor-form\" method=\"post\" name=\"Formularz - Tel - Obiekty magazynowo-logistyczne\" aria-label=\"\u8868\u683c - \u7535\u8bdd - \u4ed3\u50a8\u4e0e\u7269\u6d41\u8bbe\u65bd\" action=\"\">\n\t\t\t<input type=\"hidden\" name=\"post_id\" value=\"10495\"\/>\n\t\t\t<input type=\"hidden\" name=\"form_id\" value=\"d30d661\"\/>\n\t\t\t<input type=\"hidden\" name=\"referer_title\" value=\"\" \/>\n\n\t\t\t\n\t\t\t<div class=\"elementor-form-fields-wrapper elementor-labels-above\">\n\t\t\t\t\t\t\t\t<div class=\"elementor-field-type-tel elementor-field-group elementor-column elementor-field-group-tel elementor-col-75 elementor-field-required\">\n\t\t\t\t\t\t\t<input size=\"1\" type=\"tel\" name=\"form_fields[tel]\" id=\"form-field-tel\" class=\"elementor-field elementor-size-lg  elementor-field-textual\" placeholder=\"\u60a8\u7684\u7535\u8bdd\u53f7\u7801\" required=\"required\" pattern=\"[0-9()#&amp;+*-=.]+\" title=\"\u53ea\u63a5\u53d7\u6570\u5b57\u548c\u7535\u8bdd\u5b57\u7b26\uff08#\u3001-\u3001* \u7b49\uff09\u3002.\">\n\n\t\t\t\t\t\t<\/div>\n\t\t\t\t\t\t\t\t<div class=\"elementor-field-type-recaptcha_v3 elementor-field-group elementor-column elementor-field-group-field_2de2dfb elementor-col-100 recaptcha_v3-bottomright\">\n\t\t\t\t\t<div class=\"elementor-field\" id=\"form-field-field_2de2dfb\"><div class=\"elementor-g-recaptcha\" data-sitekey=\"6LfS7xYsAAAAAI2CwnFG5OwIC4iAnVXLnht3Ocjk\" data-type=\"v3\" data-action=\"Form\" data-badge=\"bottomright\" data-size=\"invisible\"><\/div><\/div>\t\t\t\t<\/div>\n\t\t\t\t\t\t\t\t<div class=\"elementor-field-group elementor-column elementor-field-type-submit elementor-col-25 e-form__buttons\">\n\t\t\t\t\t<button class=\"elementor-button elementor-size-lg\" type=\"submit\">\n\t\t\t\t\t\t<span class=\"elementor-button-content-wrapper\">\n\t\t\t\t\t\t\t\t\t\t\t\t\t\t\t\t\t\t\t\t\t\t<span class=\"elementor-button-text\">\u53d1\u9001<\/span>\n\t\t\t\t\t\t\t\t\t\t\t\t\t<\/span>\n\t\t\t\t\t<\/button>\n\t\t\t\t<\/div>\n\t\t\t<\/div>\n\t\t<input type=\"hidden\" name=\"trp-form-language\" value=\"zh\"\/><\/form>\n\t\t\t\t\t\t<\/div>\n\t\t\t\t<\/div>\n\t\t\t\t\t<\/div>\n\t\t\t\t<\/div>\n\t\t\t\t<\/div>","protected":false},"excerpt":{"rendered":"<p>Obiekty magazynowo-logistyczne Posiadamy udokumentowane do\u015bwiadczenie w projektowaniu i generalnym wykonawstwie nowoczesnych hal logistyczno-magazynowych, optymalizuj\u0105c przestrze\u0144 oraz procesy, by zapewni\u0107 naszym Klientom maksymaln\u0105 efektywno\u015b\u0107 w zarz\u0105dzaniu \u0142a\u0144cuchem dostaw. Skontaktuj si\u0119 z nami Projekt hali magazynowej zale\u017cy przede wszystkim od jej przeznaczenia Projektowanie hali magazynowej to proces, w kt\u00f3rym kluczow\u0105 rol\u0119 odgrywa jej przeznaczenie. Inaczej zaplanujemy przestrze\u0144 dla centrum logistycznego, inaczej dla obiektu produkcyjnego, a jeszcze inaczej dla hali pe\u0142ni\u0105cej funkcj\u0119 cross-docku. To w\u0142a\u015bnie spos\u00f3b wykorzystania budynku determinuje jego uk\u0142ad funkcjonalny, wysoko\u015b\u0107, rodzaj konstrukcji, rozmieszczenie dok\u00f3w czy zastosowane technologie. Dlatego ka\u017cdy projekt powstaje indywidualnie, z uwzgl\u0119dnieniem wymaga\u0144 inwestora oraz specyfiki przysz\u0142ych proces\u00f3w, kt\u00f3re b\u0119d\u0105 realizowane w obiekcie. Takie podej\u015bcie pozwala stworzy\u0107 hal\u0119 nie tylko nowoczesn\u0105 i estetyczn\u0105, ale przede wszystkim dopasowan\u0105 do potrzeb u\u017cytkownik\u00f3w, co przek\u0142ada si\u0119 na efektywno\u015b\u0107 dzia\u0142ania ca\u0142ego przedsi\u0119biorstwa. Zbudujmy razem co\u015b wyj\u0105tkowego!<\/p>","protected":false},"author":1,"featured_media":0,"parent":0,"menu_order":0,"comment_status":"closed","ping_status":"closed","template":"elementor_header_footer","meta":{"_acf_changed":false,"inline_featured_image":false,"footnotes":""},"class_list":["post-10495","page","type-page","status-publish","hentry"],"acf":[],"_links":{"self":[{"href":"https:\/\/rexbud.com.pl\/zh\/wp-json\/wp\/v2\/pages\/10495","targetHints":{"allow":["GET"]}}],"collection":[{"href":"https:\/\/rexbud.com.pl\/zh\/wp-json\/wp\/v2\/pages"}],"about":[{"href":"https:\/\/rexbud.com.pl\/zh\/wp-json\/wp\/v2\/types\/page"}],"author":[{"embeddable":true,"href":"https:\/\/rexbud.com.pl\/zh\/wp-json\/wp\/v2\/users\/1"}],"replies":[{"embeddable":true,"href":"https:\/\/rexbud.com.pl\/zh\/wp-json\/wp\/v2\/comments?post=10495"}],"version-history":[{"count":106,"href":"https:\/\/rexbud.com.pl\/zh\/wp-json\/wp\/v2\/pages\/10495\/revisions"}],"predecessor-version":[{"id":16012,"href":"https:\/\/rexbud.com.pl\/zh\/wp-json\/wp\/v2\/pages\/10495\/revisions\/16012"}],"wp:attachment":[{"href":"https:\/\/rexbud.com.pl\/zh\/wp-json\/wp\/v2\/media?parent=10495"}],"curies":[{"name":"wp","href":"https:\/\/api.w.org\/{rel}","templated":true}]}}