{"id":10643,"date":"2025-08-31T11:59:02","date_gmt":"2025-08-31T09:59:02","guid":{"rendered":"https:\/\/rexbud.com.pl\/?page_id=10643"},"modified":"2025-09-18T13:22:51","modified_gmt":"2025-09-18T11:22:51","slug":"%e5%8a%9e%e5%85%ac%e5%ae%a4","status":"publish","type":"page","link":"https:\/\/rexbud.com.pl\/zh\/%e5%8a%9e%e5%85%ac%e5%ae%a4\/","title":{"rendered":"\u529e\u516c\u5ba4"},"content":{"rendered":"<div data-elementor-type=\"wp-page\" data-elementor-id=\"10643\" class=\"elementor elementor-10643\" data-elementor-post-type=\"page\">\n\t\t\t\t<div class=\"elementor-element elementor-element-54673de e-con-full e-flex wpr-particle-no wpr-jarallax-no wpr-parallax-no wpr-sticky-section-no e-con e-parent\" data-id=\"54673de\" data-element_type=\"container\">\n\t\t<div class=\"elementor-element elementor-element-15f8292 e-flex e-con-boxed wpr-particle-no wpr-jarallax-no wpr-parallax-no wpr-sticky-section-no e-con e-child\" data-id=\"15f8292\" data-element_type=\"container\">\n\t\t\t\t\t<div class=\"e-con-inner\">\n\t\t<div class=\"elementor-element elementor-element-6afc7c1 e-con-full e-flex wpr-particle-no wpr-jarallax-no wpr-parallax-no wpr-sticky-section-no e-con e-child\" data-id=\"6afc7c1\" data-element_type=\"container\">\n\t\t\t\t<div class=\"elementor-element elementor-element-be44c35 jltma-glass-effect-no elementor-widget elementor-widget-heading\" data-id=\"be44c35\" data-element_type=\"widget\" data-widget_type=\"heading.default\">\n\t\t\t\t\t<h1 class=\"elementor-heading-title elementor-size-default\">\u529e\u516c\u5ba4<\/h1>\t\t\t\t<\/div>\n\t\t\t\t<\/div>\n\t\t<div class=\"elementor-element elementor-element-3a2136e e-con-full e-flex wpr-particle-no wpr-jarallax-no wpr-parallax-no wpr-sticky-section-no e-con e-child\" data-id=\"3a2136e\" data-element_type=\"container\">\n\t\t\t\t<div class=\"elementor-element elementor-element-231ce49 elementor-widget__width-inherit jltma-glass-effect-no elementor-widget elementor-widget-text-editor\" data-id=\"231ce49\" data-element_type=\"widget\" data-widget_type=\"text-editor.default\">\n\t\t\t\t\t\t\t\t\t<p>\u6211\u4eec\u7684\u603b\u90e8\u4f4d\u4e8e\u7f57\u5179\u5e02\u4e2d\u5fc3\u7684 Nieszawska \u8857\u3002\u6b63\u662f\u5728\u8fd9\u91cc\uff0c\u6211\u4eec\u521b\u9020\u4e86\u613f\u666f\u548c\u8bbe\u8ba1\uff0c\u5e76\u5c06\u5176\u53d8\u4e3a\u73b0\u5b9e\u3002.<\/p>\t\t\t\t\t\t\t\t<\/div>\n\t\t\t\t<div class=\"elementor-element elementor-element-f307294 elementor-align-left elementor-widget__width-auto elementor-mobile-align-justify elementor-widget-mobile__width-inherit jltma-glass-effect-no elementor-widget elementor-widget-button\" data-id=\"f307294\" data-element_type=\"widget\" data-widget_type=\"button.default\">\n\t\t\t\t\t\t\t\t\t\t<a class=\"elementor-button elementor-button-link elementor-size-sm\" href=\"https:\/\/rexbud.com.pl\/zh\/%e5%b7%a5%e4%bd%9c%e6%9c%ba%e4%bc%9a\/\">\n\t\t\t\t\t\t<span class=\"elementor-button-content-wrapper\">\n\t\t\t\t\t\t\t\t\t<span class=\"elementor-button-text\">\u67e5\u770b\u62db\u8058\u4fe1\u606f<\/span>\n\t\t\t\t\t<\/span>\n\t\t\t\t\t<\/a>\n\t\t\t\t\t\t\t\t<\/div>\n\t\t\t\t<\/div>\n\t\t\t\t\t<\/div>\n\t\t\t\t<\/div>\n\t\t<div class=\"elementor-element elementor-element-eab7f1f e-con-full hero-banner e-flex wpr-particle-no wpr-jarallax-no wpr-parallax-no wpr-sticky-section-no e-con e-child\" data-id=\"eab7f1f\" data-element_type=\"container\" data-settings=\"{&quot;background_background&quot;:&quot;classic&quot;,&quot;shape_divider_top&quot;:&quot;tilt&quot;}\">\n\t\t\t\t<div class=\"elementor-shape elementor-shape-top\" aria-hidden=\"true\" data-negative=\"false\">\n\t\t\t<svg xmlns=\"http:\/\/www.w3.org\/2000\/svg\" viewbox=\"0 0 1000 100\" preserveaspectratio=\"none\">\n\t<path class=\"elementor-shape-fill\" d=\"M0,6V0h1000v100L0,6z\"\/>\n<\/svg>\t\t<\/div>\n\t\t\t\t<\/div>\n\t\t\t\t<\/div>\n\t\t<div class=\"elementor-element elementor-element-09aa339 e-con-full e-flex wpr-particle-no wpr-jarallax-no wpr-parallax-no wpr-sticky-section-no e-con e-parent\" data-id=\"09aa339\" data-element_type=\"container\">\n\t\t\t\t<div class=\"elementor-element elementor-element-1d6aa47 images-carousel jltma-glass-effect-no elementor-widget elementor-widget-image-carousel\" data-id=\"1d6aa47\" data-element_type=\"widget\" data-settings=\"{&quot;slides_to_show&quot;:&quot;3&quot;,&quot;slides_to_show_tablet&quot;:&quot;3&quot;,&quot;slides_to_show_mobile&quot;:&quot;1&quot;,&quot;slides_to_scroll&quot;:&quot;1&quot;,&quot;navigation&quot;:&quot;none&quot;,&quot;autoplay_speed&quot;:1500,&quot;image_spacing_custom&quot;:{&quot;unit&quot;:&quot;px&quot;,&quot;size&quot;:5,&quot;sizes&quot;:[]},&quot;speed&quot;:2000,&quot;autoplay&quot;:&quot;yes&quot;,&quot;infinite&quot;:&quot;yes&quot;,&quot;image_spacing_custom_laptop&quot;:{&quot;unit&quot;:&quot;px&quot;,&quot;size&quot;:&quot;&quot;,&quot;sizes&quot;:[]},&quot;image_spacing_custom_tablet&quot;:{&quot;unit&quot;:&quot;px&quot;,&quot;size&quot;:&quot;&quot;,&quot;sizes&quot;:[]}}\" data-widget_type=\"image-carousel.default\">\n\t\t\t\t\t\t\t<div class=\"elementor-image-carousel-wrapper swiper\" role=\"region\" aria-roledescription=\"carousel\" aria-label=\"\u56fe\u50cf\u65cb\u8f6c\u6728\u9a6c\" dir=\"ltr\">\n\t\t\t<div class=\"elementor-image-carousel swiper-wrapper swiper-image-stretch\" aria-live=\"off\">\n\t\t\t\t\t\t\t\t<div class=\"swiper-slide\" role=\"group\" aria-roledescription=\"slide\" aria-label=\"1 z 3\"><a data-elementor-open-lightbox=\"yes\" data-elementor-lightbox-slideshow=\"1d6aa47\" data-elementor-lightbox-title=\"biuro\" data-e-action-hash=\"#elementor-action%3Aaction%3Dlightbox%26settings%3DeyJpZCI6MTA2NTIsInVybCI6Imh0dHBzOlwvXC9yZXhidWQuY29tLnBsXC93cC1jb250ZW50XC91cGxvYWRzXC8yMDI1XC8wOFwvYml1cm8yLndlYnAiLCJzbGlkZXNob3ciOiIxZDZhYTQ3In0%3D\" href=\"https:\/\/rexbud.com.pl\/wp-content\/uploads\/2025\/08\/biuro2.webp\"><figure class=\"swiper-slide-inner\"><img decoding=\"async\" class=\"swiper-slide-image\" src=\"https:\/\/rexbud.com.pl\/wp-content\/uploads\/2025\/08\/biuro2.webp\" alt=\"\u529e\u516c\u5ba4\" \/><\/figure><\/a><\/div><div class=\"swiper-slide\" role=\"group\" aria-roledescription=\"slide\" aria-label=\"2 z 3\"><a data-elementor-open-lightbox=\"yes\" data-elementor-lightbox-slideshow=\"1d6aa47\" data-elementor-lightbox-title=\"biuro\" data-e-action-hash=\"#elementor-action%3Aaction%3Dlightbox%26settings%3DeyJpZCI6MTA2NTMsInVybCI6Imh0dHBzOlwvXC9yZXhidWQuY29tLnBsXC93cC1jb250ZW50XC91cGxvYWRzXC8yMDI1XC8wOFwvYml1cm8zLndlYnAiLCJzbGlkZXNob3ciOiIxZDZhYTQ3In0%3D\" href=\"https:\/\/rexbud.com.pl\/wp-content\/uploads\/2025\/08\/biuro3.webp\"><figure class=\"swiper-slide-inner\"><img decoding=\"async\" class=\"swiper-slide-image\" src=\"https:\/\/rexbud.com.pl\/wp-content\/uploads\/2025\/08\/biuro3.webp\" alt=\"\u529e\u516c\u5ba4\" \/><\/figure><\/a><\/div><div class=\"swiper-slide\" role=\"group\" aria-roledescription=\"slide\" aria-label=\"3 z 3\"><a data-elementor-open-lightbox=\"yes\" data-elementor-lightbox-slideshow=\"1d6aa47\" data-elementor-lightbox-title=\"biuro\" data-e-action-hash=\"#elementor-action%3Aaction%3Dlightbox%26settings%3DeyJpZCI6MTA2NTQsInVybCI6Imh0dHBzOlwvXC9yZXhidWQuY29tLnBsXC93cC1jb250ZW50XC91cGxvYWRzXC8yMDI1XC8wOFwvYml1cm80LndlYnAiLCJzbGlkZXNob3ciOiIxZDZhYTQ3In0%3D\" href=\"https:\/\/rexbud.com.pl\/wp-content\/uploads\/2025\/08\/biuro4.webp\"><figure class=\"swiper-slide-inner\"><img decoding=\"async\" class=\"swiper-slide-image\" src=\"https:\/\/rexbud.com.pl\/wp-content\/uploads\/2025\/08\/biuro4.webp\" alt=\"\u529e\u516c\u5ba4\" \/><\/figure><\/a><\/div>\t\t\t<\/div>\n\t\t\t\t\t\t\t\n\t\t\t\t\t\t\t\t\t<\/div>\n\t\t\t\t\t\t<\/div>\n\t\t\t\t<\/div>\n\t\t<div class=\"elementor-element elementor-element-c231e08 e-flex e-con-boxed wpr-particle-no wpr-jarallax-no wpr-parallax-no wpr-sticky-section-no e-con e-child\" data-id=\"c231e08\" data-element_type=\"container\">\n\t\t\t\t\t<div class=\"e-con-inner\">\n\t\t<div class=\"elementor-element elementor-element-2743d78 e-con-full e-flex wpr-particle-no wpr-jarallax-no wpr-parallax-no wpr-sticky-section-no e-con e-child\" data-id=\"2743d78\" data-element_type=\"container\">\n\t\t\t\t<div class=\"elementor-element elementor-element-ac7d609 elementor-widget__width-inherit jltma-glass-effect-no elementor-widget elementor-widget-heading\" data-id=\"ac7d609\" data-element_type=\"widget\" data-widget_type=\"heading.default\">\n\t\t\t\t\t<h2 class=\"elementor-heading-title elementor-size-default\">\u591a\u4e2a\u90e8\u95e8\uff0c\u4e00\u4e2a\u56e2\u961f<\/h2>\t\t\t\t<\/div>\n\t\t\t\t<div class=\"elementor-element elementor-element-2c21753 elementor-widget__width-inherit jltma-glass-effect-no elementor-widget elementor-widget-text-editor\" data-id=\"2c21753\" data-element_type=\"widget\" data-widget_type=\"text-editor.default\">\n\t\t\t\t\t\t\t\t\t<p>Nieszawska \u529e\u4e8b\u5904\u76ee\u524d\u62e5\u6709\u8fd1 70 \u540d\u5458\u5de5\uff01\u6211\u4eec\u62e5\u6709\u5efa\u7b51\u3001\u65bd\u5de5\u3001\u536b\u751f\u8bbe\u65bd\u3001\u7535\u6c14\u5b89\u88c5\u3001BIM \u6280\u672f\u65b9\u9762\u7684\u4e13\u5bb6\uff0c\u4ee5\u53ca\u7ecf\u9a8c\u4e30\u5bcc\u7684\u6210\u672c\u4f30\u7b97\u4eba\u5458\u3001\u7ba1\u7406\u4eba\u5458\u548c\u652f\u6301\u4e1a\u52a1\u53d1\u5c55\u548c\u884c\u653f\u6d3b\u52a8\u7684\u4eba\u5458\u3002\u6211\u4eec\u5171\u540c\u7ec4\u6210\u4e86\u4e00\u4e2a\u548c\u8c10\u7684\u56e2\u961f\uff0c\u6bcf\u5929\u4e3a\u5ba2\u6237\u63d0\u4f9b\u6700\u9ad8\u8d28\u91cf\u7684\u670d\u52a1\uff0c\u540c\u65f6\u9075\u5b88\u7ea6\u5b9a\u7684\u671f\u9650\u3002.<\/p>\t\t\t\t\t\t\t\t<\/div>\n\t\t\t\t<\/div>\n\t\t<div class=\"elementor-element elementor-element-7b26812 e-con-full e-flex wpr-particle-no wpr-jarallax-no wpr-parallax-no wpr-sticky-section-no e-con e-child\" data-id=\"7b26812\" data-element_type=\"container\">\n\t\t\t\t<div class=\"elementor-element elementor-element-6a8f41a elementor-widget__width-inherit jltma-glass-effect-no elementor-widget elementor-widget-heading\" data-id=\"6a8f41a\" data-element_type=\"widget\" data-widget_type=\"heading.default\">\n\t\t\t\t\t<h2 class=\"elementor-heading-title elementor-size-default\">\u5de5\u4f5c\u6c1b\u56f4\u548c\u6587\u5316<\/h2>\t\t\t\t<\/div>\n\t\t\t\t<div class=\"elementor-element elementor-element-d1daaf8 elementor-widget__width-inherit jltma-glass-effect-no elementor-widget elementor-widget-text-editor\" data-id=\"d1daaf8\" data-element_type=\"widget\" data-widget_type=\"text-editor.default\">\n\t\t\t\t\t\t\t\t\t<p>\u5728 Rex Bud Budownictwo\uff0c\u6211\u4eec\u8425\u9020\u4e86\u4e00\u4e2a\u4ee5\u76f8\u4e92\u5c0a\u91cd\u4e3a\u57fa\u7840\u7684\u5de5\u4f5c\u73af\u5883\uff0c\u8fd9\u4e5f\u662f\u6211\u4eec\u4e0e\u540c\u4e8b\u3001\u5ba2\u6237\u6216\u5546\u4e1a\u4f19\u4f34\u4e4b\u95f4\u5173\u7cfb\u7684\u57fa\u7840\u3002\u6211\u4eec\u76f8\u4fe1\uff0c\u53ea\u6709\u5728\u5f00\u653e\u548c\u4fe1\u4efb\u7684\u6c1b\u56f4\u4e2d\uff0c\u624d\u80fd\u5145\u5206\u53d1\u6325\u56e2\u961f\u7684\u6f5c\u529b\uff0c\u5b9e\u73b0\u5171\u540c\u7684\u76ee\u6807\u3002.<br \/>\u6211\u4eec\u7684\u7ec4\u7ec7\u6587\u5316\u4ee5\u4e09\u5927\u4ef7\u503c\u89c2\u4e3a\u57fa\u7840\uff1a<\/p><ul><li><strong>\u6709\u6548\u6027<\/strong> - \u6211\u4eec\u52aa\u529b\u4ee5\u6700\u7ec6\u5fc3\u3001\u6700\u4e13\u4e1a\u7684\u6001\u5ea6\u5b8c\u6210\u6bcf\u4e2a\u9879\u76ee\u3002\u6211\u4eec\u6ce8\u91cd\u8d28\u91cf\u548c\u7cbe\u786e\u5ea6\uff0c\u6309\u65f6\u53ef\u9760\u5730\u5b8c\u6210\u6bcf\u4e00\u9879\u4efb\u52a1\u3002\u5bf9\u6211\u4eec\u6765\u8bf4\uff0c\u6548\u7387\u4e0d\u4ec5\u662f\u6307\u6548\u7387\uff0c\u8fd8\u5305\u62ec\u89e3\u51b3\u95ee\u9898\u548c\u505a\u51fa\u6b63\u786e\u51b3\u7b56\u7684\u80fd\u529b\uff0c\u4ece\u800c\u4e3a\u6574\u4e2a\u516c\u53f8\u5e26\u6765\u6210\u529f\u3002.<\/li><li><strong>\u8d23\u4efb<\/strong> - \u96f7\u514b\u65af\u5df4\u5fb7\u5efa\u7b51\u516c\u53f8\u7684\u6bcf\u4e00\u4f4d\u5458\u5de5\u90fd\u6e05\u695a\u81ea\u5df1\u7684\u804c\u8d23\u4ee5\u53ca\u5bf9\u9879\u76ee\u4ea4\u4ed8\u548c\u516c\u53f8\u58f0\u8a89\u7684\u5f71\u54cd\u3002\u6211\u4eec\u786e\u4fdd\u6240\u91c7\u53d6\u7684\u884c\u52a8\u7b26\u5408\u5b89\u5168\u3001\u9053\u5fb7\u548c\u73af\u4fdd\u7684\u6700\u9ad8\u6807\u51c6\u3002\u5bf9\u6211\u4eec\u800c\u8a00\uff0c\u8d23\u4efb\u8fd8\u610f\u5473\u7740\u76f8\u4e92\u652f\u6301\u548c\u968f\u65f6\u63d0\u4f9b\u5e2e\u52a9\uff0c\u56e0\u6b64\u6211\u4eec\u6253\u9020\u4e86\u4e00\u4e2a\u503c\u5f97\u4fe1\u8d56\u7684\u56e2\u961f\u3002.<\/li><li><strong>\u65b0\u6280\u672f<\/strong> - \u6211\u4eec\u662f\u4e00\u5bb6\u6295\u8d44\u4e8e\u5f00\u53d1\u548c\u5b9e\u65bd\u521b\u65b0\u6280\u672f\u89e3\u51b3\u65b9\u6848\u7684\u73b0\u4ee3\u5316\u516c\u53f8\u3002\u6211\u4eec\u4f7f\u7528\u6700\u65b0\u7684\u5de5\u5177\u548c\u65b9\u6cd5\u6765\u7b80\u5316\u65bd\u5de5\u6d41\u7a0b\uff0c\u63d0\u9ad8\u5de5\u4f5c\u6548\u7387\uff0c\u5efa\u9020\u51fa\u66f4\u597d\u3001\u66f4\u8010\u7528\u7684\u5efa\u7b51\u3002\u5728\u96f7\u514b\u65af\u5df4\u5fb7\uff0c\u6211\u4eec\u4e0d\u65ad\u6269\u5927\u5458\u5de5\u7684\u77e5\u8bc6\u9762\uff0c\u4f7f\u4ed6\u4eec\u80fd\u591f\u5728\u6700\u9ad8\u6c34\u5e73\u4e0a\u4f7f\u7528\u6280\u672f\u3002.<\/li><\/ul><p><br \/>\u5f97\u76ca\u4e8e\u8fd9\u4e9b\u4ef7\u503c\u89c2\u548c\u76f8\u4e92\u5c0a\u91cd\uff0cRex Bud Budownictwo \u662f\u4e00\u4e2a\u8ba9\u6bcf\u4e2a\u4eba\u90fd\u80fd\u53d1\u5c55\u3001\u611f\u53d7\u5230\u81ea\u8eab\u4ef7\u503c\u5e76\u5728\u79ef\u6781\u6c1b\u56f4\u4e2d\u5de5\u4f5c\u7684\u5730\u65b9\uff0c\u5728\u8fd9\u91cc\uff0c\u6bcf\u4e2a\u4eba\u90fd\u80fd\u5b9e\u73b0\u8fdc\u5927\u76ee\u6807\u3002.<\/p>\t\t\t\t\t\t\t\t<\/div>\n\t\t\t\t<\/div>\n\t\t\t\t\t<\/div>\n\t\t\t\t<\/div>\n\t\t\t\t<\/div>","protected":false},"excerpt":{"rendered":"<p>Biuro Nasza siedziba g\u0142\u00f3wna znajduje si\u0119 w centrum \u0141odzi przy ulicy Nieszawskiej. To w\u0142a\u015bnie tu powstaj\u0105 wizje i projekty, kt\u00f3re nast\u0119pnie zamieniane s\u0105 w rzeczywisto\u015b\u0107. Sprawd\u017a oferty pracy! Wiele dzia\u0142\u00f3w, jeden Zesp\u00f3\u0142 W biurze na Nieszawskiej obecnie pracuje niemal 70 os\u00f3b! W swoim gronie mamy specjalist\u00f3w z zakresu architektury, konstrukcji, instalacji sanitarnych, elektrycznych, technologii BIM, a tak\u017ce do\u015bwiadczonych kosztorysant\u00f3w, kierownik\u00f3w oraz osoby wspieraj\u0105ce rozw\u00f3j biznesu i dzia\u0142ania administracyjne. Wsp\u00f3lnie tworzymy jeden zgrany Zesp\u00f3\u0142, kt\u00f3ry ka\u017cdego dnia dostarcza najwy\u017csz\u0105 jako\u015b\u0107 naszym Klientom z zachowaniem ustalonych termin\u00f3w. Atmosfera i kultura pracy W Rex Bud Budownictwo tworzymy \u015brodowisko pracy oparte na wzajemnym szacunku, kt\u00f3ry jest fundamentem naszych relacji zar\u00f3wno mi\u0119dzy wsp\u00f3\u0142pracownikami, jak i z klientami czy partnerami biznesowymi. Wierzymy, \u017ce tylko w atmosferze otwarto\u015bci i zaufania mo\u017cna w pe\u0142ni wykorzysta\u0107 potencja\u0142 zespo\u0142u i osi\u0105ga\u0107 wsp\u00f3lne cele.Nasza kultura organizacyjna opiera si\u0119 na trzech kluczowych warto\u015bciach: Skuteczno\u015b\u0107 \u2013 D\u0105\u017cymy do realizacji ka\u017cdego projektu z najwy\u017csz\u0105 staranno\u015bci\u0105 i profesjonalizmem. Ka\u017cde zadanie wykonujemy rzetelnie i terminowo, z naciskiem na jako\u015b\u0107 i precyzj\u0119. Skuteczno\u015b\u0107 jest dla nas nie tylko efektywno\u015bci\u0105, ale r\u00f3wnie\u017c umiej\u0119tno\u015bci\u0105 rozwi\u0105zywania problem\u00f3w i podejmowania trafnych decyzji, kt\u00f3re przek\u0142adaj\u0105 si\u0119 na sukces ca\u0142ej firmy. Odpowiedzialno\u015b\u0107 \u2013 Ka\u017cdy pracownik Rex Bud Budownictwo ma \u015bwiadomo\u015b\u0107 swojej roli i wp\u0142ywu na realizacj\u0119 projekt\u00f3w oraz reputacj\u0119 firmy. Dbamy o to, aby podejmowane dzia\u0142ania by\u0142y zgodne z najwy\u017cszymi standardami bezpiecze\u0144stwa, etyki i troski o \u015brodowisko. Odpowiedzialno\u015b\u0107 to dla nas tak\u017ce wzajemne wsparcie i gotowo\u015b\u0107 do pomocy, dzi\u0119ki czemu tworzymy zesp\u00f3\u0142, na kt\u00f3rym mo\u017cna polega\u0107. Nowe technologie \u2013 Jeste\u015bmy firm\u0105 nowoczesn\u0105, kt\u00f3ra inwestuje w rozw\u00f3j i wdra\u017canie innowacyjnych rozwi\u0105za\u0144 technologicznych. Wykorzystujemy najnowsze narz\u0119dzia i metody, kt\u00f3re usprawniaj\u0105 procesy budowlane, podnosz\u0105 efektywno\u015b\u0107 pracy oraz pozwalaj\u0105 tworzy\u0107 jeszcze lepsze i trwalsze konstrukcje. W Rex Bud stale poszerzamy wiedz\u0119 naszych pracownik\u00f3w, by mogli korzysta\u0107 z technologii na najwy\u017cszym poziomie. Dzi\u0119ki tym warto\u015bciom i wzajemnemu szacunkowi Rex Bud Budownictwo jest miejscem, gdzie ka\u017cdy mo\u017ce si\u0119 rozwija\u0107, czu\u0107 si\u0119 doceniony i pracowa\u0107 w pozytywnej atmosferze, kt\u00f3ra sprzyja osi\u0105ganiu ambitnych cel\u00f3w.<\/p>","protected":false},"author":1,"featured_media":0,"parent":0,"menu_order":0,"comment_status":"closed","ping_status":"closed","template":"elementor_header_footer","meta":{"_acf_changed":false,"inline_featured_image":false,"footnotes":""},"class_list":["post-10643","page","type-page","status-publish","hentry"],"acf":[],"_links":{"self":[{"href":"https:\/\/rexbud.com.pl\/zh\/wp-json\/wp\/v2\/pages\/10643","targetHints":{"allow":["GET"]}}],"collection":[{"href":"https:\/\/rexbud.com.pl\/zh\/wp-json\/wp\/v2\/pages"}],"about":[{"href":"https:\/\/rexbud.com.pl\/zh\/wp-json\/wp\/v2\/types\/page"}],"author":[{"embeddable":true,"href":"https:\/\/rexbud.com.pl\/zh\/wp-json\/wp\/v2\/users\/1"}],"replies":[{"embeddable":true,"href":"https:\/\/rexbud.com.pl\/zh\/wp-json\/wp\/v2\/comments?post=10643"}],"version-history":[{"count":22,"href":"https:\/\/rexbud.com.pl\/zh\/wp-json\/wp\/v2\/pages\/10643\/revisions"}],"predecessor-version":[{"id":13016,"href":"https:\/\/rexbud.com.pl\/zh\/wp-json\/wp\/v2\/pages\/10643\/revisions\/13016"}],"wp:attachment":[{"href":"https:\/\/rexbud.com.pl\/zh\/wp-json\/wp\/v2\/media?parent=10643"}],"curies":[{"name":"wp","href":"https:\/\/api.w.org\/{rel}","templated":true}]}}