{"id":10876,"date":"2025-09-01T01:56:12","date_gmt":"2025-08-31T23:56:12","guid":{"rendered":"https:\/\/rexbud.com.pl\/?page_id=10876"},"modified":"2026-01-12T10:32:13","modified_gmt":"2026-01-12T09:32:13","slug":"%e8%81%94%e7%b3%bb%e6%96%b9%e5%bc%8f","status":"publish","type":"page","link":"https:\/\/rexbud.com.pl\/zh\/%e8%81%94%e7%b3%bb%e6%96%b9%e5%bc%8f\/","title":{"rendered":"\u8054\u7cfb\u65b9\u5f0f"},"content":{"rendered":"<div data-elementor-type=\"wp-page\" data-elementor-id=\"10876\" class=\"elementor elementor-10876\" data-elementor-post-type=\"page\">\n\t\t\t\t<div class=\"elementor-element elementor-element-54673de e-con-full e-flex wpr-particle-no wpr-jarallax-no wpr-parallax-no wpr-sticky-section-no e-con e-parent\" data-id=\"54673de\" data-element_type=\"container\">\n\t\t<div class=\"elementor-element elementor-element-15f8292 e-flex e-con-boxed wpr-particle-no wpr-jarallax-no wpr-parallax-no wpr-sticky-section-no e-con e-child\" data-id=\"15f8292\" data-element_type=\"container\">\n\t\t\t\t\t<div class=\"e-con-inner\">\n\t\t\t\t<div class=\"elementor-element elementor-element-a47b1fe elementor-widget__width-inherit jltma-glass-effect-no elementor-widget elementor-widget-heading\" data-id=\"a47b1fe\" data-element_type=\"widget\" data-widget_type=\"heading.default\">\n\t\t\t\t\t<h1 class=\"elementor-heading-title elementor-size-default\">\u8054\u7cfb\u65b9\u5f0f<\/h1>\t\t\t\t<\/div>\n\t\t\t\t<div class=\"elementor-element elementor-element-c6ed802 elementor-widget__width-inherit jltma-glass-effect-no elementor-widget elementor-widget-text-editor\" data-id=\"c6ed802\" data-element_type=\"widget\" data-widget_type=\"text-editor.default\">\n\t\t\t\t\t\t\t\t\t<p>\u60a8\u6709\u95ee\u9898\u5417\uff1f\u60a8\u60f3\u5f00\u59cb\u5408\u4f5c\u5417\uff1f\u8bf7\u4e0e\u6211\u4eec\u8054\u7cfb\uff01\u6211\u4eec\u7684\u4e13\u5bb6\u968f\u65f6\u51c6\u5907\u56de\u7b54\u60a8\u7684\u6240\u6709\u95ee\u9898\uff0c\u5e76\u5e2e\u52a9\u60a8\u5b8c\u6210\u6700\u96c4\u5fc3\u52c3\u52c3\u7684\u9879\u76ee\u3002\u8bf7\u586b\u5199\u8054\u7cfb\u8868\u3001\u7ed9\u6211\u4eec\u6253\u7535\u8bdd\u6216\u53d1\u9001\u7535\u5b50\u90ae\u4ef6--\u6211\u4eec\u671f\u5f85\u60a8\u7684\u6765\u4fe1\uff01<\/p>\t\t\t\t\t\t\t\t<\/div>\n\t\t\t\t\t<\/div>\n\t\t\t\t<\/div>\n\t\t<div class=\"elementor-element elementor-element-9f711aa e-con-full hero-banner e-flex wpr-particle-no wpr-jarallax-no wpr-parallax-no wpr-sticky-section-no e-con e-child\" data-id=\"9f711aa\" data-element_type=\"container\" data-settings=\"{&quot;background_background&quot;:&quot;classic&quot;,&quot;shape_divider_top&quot;:&quot;tilt&quot;}\">\n\t\t\t\t<div class=\"elementor-shape elementor-shape-top\" aria-hidden=\"true\" data-negative=\"false\">\n\t\t\t<svg xmlns=\"http:\/\/www.w3.org\/2000\/svg\" viewbox=\"0 0 1000 100\" preserveaspectratio=\"none\">\n\t<path class=\"elementor-shape-fill\" d=\"M0,6V0h1000v100L0,6z\"\/>\n<\/svg>\t\t<\/div>\n\t\t\t\t<\/div>\n\t\t\t\t<\/div>\n\t\t<div class=\"elementor-element elementor-element-52f0413 e-flex e-con-boxed wpr-particle-no wpr-jarallax-no wpr-parallax-no wpr-sticky-section-no e-con e-parent\" data-id=\"52f0413\" data-element_type=\"container\" data-settings=\"{&quot;background_background&quot;:&quot;classic&quot;}\">\n\t\t\t\t\t<div class=\"e-con-inner\">\n\t\t<div class=\"elementor-element elementor-element-6c41a03 e-con-full e-flex wpr-particle-no wpr-jarallax-no wpr-parallax-no wpr-sticky-section-no e-con e-child\" data-id=\"6c41a03\" data-element_type=\"container\">\n\t\t\t\t<div class=\"elementor-element elementor-element-565e87d elementor-widget__width-inherit jltma-glass-effect-no elementor-widget elementor-widget-heading\" data-id=\"565e87d\" data-element_type=\"widget\" data-widget_type=\"heading.default\">\n\t\t\t\t\t<h3 class=\"elementor-heading-title elementor-size-default\">Rex-Bud Budownictwo Sp.S.K.A.<\/h3>\t\t\t\t<\/div>\n\t\t\t\t<div class=\"elementor-element elementor-element-9d0fe8b elementor-widget__width-inherit jltma-glass-effect-no elementor-widget elementor-widget-text-editor\" data-id=\"9d0fe8b\" data-element_type=\"widget\" data-widget_type=\"text-editor.default\">\n\t\t\t\t\t\t\t\t\t<p>Rex-Bud Budownictwo Sp.S.K.A.<br \/>Nieszawska \u8857 6\/8 \u53f7<br \/>93-119 \u7f57\u5179<br \/>\u90ae\u7f16\uff1a728 23 94 047<br \/>Regon: 472877884<br \/>BDO: 000081588<\/p>\t\t\t\t\t\t\t\t<\/div>\n\t\t\t\t<div class=\"elementor-element elementor-element-68bc956 elementor-widget__width-inherit jltma-glass-effect-no elementor-widget elementor-widget-text-editor\" data-id=\"68bc956\" data-element_type=\"widget\" data-widget_type=\"text-editor.default\">\n\t\t\t\t\t\t\t\t\t<p><strong>\u79d8\u4e66\u5904\uff1a<\/strong><br \/>\u7535\u8bdd <a href=\"tel:+48426767909\">+48 (42) 67 67 909<\/a><br \/>\u7535\u8bdd <a href=\"tel:+48696401700\">+48 696 401 700<\/a><br \/>\u7535\u5b50\u90ae\u4ef6\uff1a\u00a0<a href=\"mailto:rexbud@rexbud.com.pl\">rexbud@rexbud.com.pl<\/a><\/p>\t\t\t\t\t\t\t\t<\/div>\n\t\t\t\t<\/div>\n\t\t<div class=\"elementor-element elementor-element-cf9702c e-con-full e-flex wpr-particle-no wpr-jarallax-no wpr-parallax-no wpr-sticky-section-no e-con e-child\" data-id=\"cf9702c\" data-element_type=\"container\">\n\t\t\t\t<div class=\"elementor-element elementor-element-4895353 elementor-widget__width-inherit contact-form-jet rex-form rex-form rex-form-contact elementor-button-align-stretch jltma-glass-effect-no elementor-widget elementor-widget-form\" data-id=\"4895353\" data-element_type=\"widget\" data-settings=\"{&quot;step_next_label&quot;:&quot;Nast\\u0119pny&quot;,&quot;step_previous_label&quot;:&quot;Poprzedni&quot;,&quot;step_type&quot;:&quot;none&quot;,&quot;button_width&quot;:&quot;100&quot;,&quot;step_icon_shape&quot;:&quot;circle&quot;}\" data-widget_type=\"form.default\">\n\t\t\t\t\t\t\t<form class=\"elementor-form\" method=\"post\" name=\"Formularz - Kontakt\" aria-label=\"\u8868\u683c - \u8054\u7cfb\" action=\"\">\n\t\t\t<input type=\"hidden\" name=\"post_id\" value=\"10876\"\/>\n\t\t\t<input type=\"hidden\" name=\"form_id\" value=\"4895353\"\/>\n\t\t\t<input type=\"hidden\" name=\"referer_title\" value=\"Kontakt - Rex-Bud Budownictwo\" \/>\n\n\t\t\t\t\t\t\t<input type=\"hidden\" name=\"queried_id\" value=\"10876\"\/>\n\t\t\t\n\t\t\t<div class=\"elementor-form-fields-wrapper elementor-labels-above\">\n\t\t\t\t\t\t\t\t<div class=\"elementor-field-type-text elementor-field-group elementor-column elementor-field-group-imie elementor-col-50 elementor-field-required\">\n\t\t\t\t\t\t\t\t\t\t\t\t\t<input size=\"1\" type=\"text\" name=\"form_fields[imie]\" id=\"form-field-imie\" class=\"elementor-field elementor-size-lg  elementor-field-textual\" placeholder=\"\u540d\u79f0\" required=\"required\">\n\t\t\t\t\t\t\t\t\t\t\t<\/div>\n\t\t\t\t\t\t\t\t<div class=\"elementor-field-type-email elementor-field-group elementor-column elementor-field-group-email elementor-col-50 elementor-field-required\">\n\t\t\t\t\t\t\t\t\t\t\t\t\t<input size=\"1\" type=\"email\" name=\"form_fields[email]\" id=\"form-field-email\" class=\"elementor-field elementor-size-lg  elementor-field-textual\" placeholder=\"\u7535\u5b50\u90ae\u4ef6\" required=\"required\">\n\t\t\t\t\t\t\t\t\t\t\t<\/div>\n\t\t\t\t\t\t\t\t<div class=\"elementor-field-type-textarea elementor-field-group elementor-column elementor-field-group-wiadomosc elementor-col-100 elementor-field-required\">\n\t\t\t\t\t<textarea class=\"elementor-field-textual elementor-field  elementor-size-lg\" name=\"form_fields[wiadomosc]\" id=\"form-field-wiadomosc\" rows=\"9\" placeholder=\"\u7559\u8a00\" required=\"required\"><\/textarea>\t\t\t\t<\/div>\n\t\t\t\t\t\t\t\t<div class=\"elementor-field-type-acceptance elementor-field-group elementor-column elementor-field-group-rodo elementor-col-100 elementor-field-required\">\n\t\t\t\t\t\t\t<div class=\"elementor-field-subgroup\">\n\t\t\t<span class=\"elementor-field-option\">\n\t\t\t\t<input type=\"checkbox\" name=\"form_fields[rodo]\" id=\"form-field-rodo\" class=\"elementor-field elementor-size-lg  elementor-acceptance-field\" required=\"required\">\n\t\t\t\t<label for=\"form-field-rodo\">\u6211\u540c\u610f\u5904\u7406\u4e2a\u4eba\u6570\u636e\u3002\u9605\u8bfb\u66f4\u591a <a href=\"https:\/\/rexbud.com.pl\/zh\/%e9%9a%90%e7%a7%81%e6%94%bf%e7%ad%96\/\">\u9690\u79c1\u653f\u7b56<\/a>.<\/label>\t\t\t<\/span>\n\t\t<\/div>\n\t\t\t\t\t\t<\/div>\n\t\t\t\t\t\t\t\t<div class=\"elementor-field-type-recaptcha_v3 elementor-field-group elementor-column elementor-field-group-field_bfe1cd0 elementor-col-100 recaptcha_v3-bottomright\">\n\t\t\t\t\t<div class=\"elementor-field\" id=\"form-field-field_bfe1cd0\"><div class=\"elementor-g-recaptcha\" data-sitekey=\"6LfS7xYsAAAAAI2CwnFG5OwIC4iAnVXLnht3Ocjk\" data-type=\"v3\" data-action=\"Form\" data-badge=\"bottomright\" data-size=\"invisible\"><\/div><\/div>\t\t\t\t<\/div>\n\t\t\t\t\t\t\t\t<div class=\"elementor-field-group elementor-column elementor-field-type-submit elementor-col-100 e-form__buttons\">\n\t\t\t\t\t<button class=\"elementor-button elementor-size-lg\" type=\"submit\">\n\t\t\t\t\t\t<span class=\"elementor-button-content-wrapper\">\n\t\t\t\t\t\t\t\t\t\t\t\t\t\t\t<span class=\"elementor-button-icon\">\n\t\t\t\t\t\t\t\t\t<i aria-hidden=\"true\" class=\"jltma-material-icon jltma-material-icon-arrow_forward\"><\/i>\t\t\t\t\t\t\t\t\t\t\t\t\t\t\t\t\t<\/span>\n\t\t\t\t\t\t\t\t\t\t\t\t\t\t\t\t\t\t\t\t\t\t<span class=\"elementor-button-text\">\u53d1\u9001<\/span>\n\t\t\t\t\t\t\t\t\t\t\t\t\t<\/span>\n\t\t\t\t\t<\/button>\n\t\t\t\t<\/div>\n\t\t\t<\/div>\n\t\t<input type=\"hidden\" name=\"trp-form-language\" value=\"zh\"\/><\/form>\n\t\t\t\t\t\t<\/div>\n\t\t\t\t<\/div>\n\t\t\t\t\t<\/div>\n\t\t\t\t<\/div>\n\t\t<div class=\"elementor-element elementor-element-5f85adb e-con-full e-flex wpr-particle-no wpr-jarallax-no wpr-parallax-no wpr-sticky-section-no e-con e-parent\" data-id=\"5f85adb\" data-element_type=\"container\">\n\t\t\t\t<div class=\"elementor-element elementor-element-e1abdd4 jltma-glass-effect-no elementor-widget elementor-widget-google_maps\" data-id=\"e1abdd4\" data-element_type=\"widget\" data-widget_type=\"google_maps.default\">\n\t\t\t\t\t\t\t<div class=\"elementor-custom-embed\">\n\t\t\t<iframe loading=\"lazy\"\n\t\t\t\t\tsrc=\"https:\/\/maps.google.com\/maps?q=%20Rex-Bud%20Budownictwo&#038;t=m&#038;z=18&#038;output=embed&#038;iwloc=near\"\n\t\t\t\t\ttitle=\" \u96f7\u514b\u65af-\u5df4\u5fb7\u5efa\u7b51\u516c\u53f8\"\n\t\t\t\t\taria-label=\" \u96f7\u514b\u65af-\u5df4\u5fb7\u5efa\u7b51\u516c\u53f8\"\n\t\t\t><\/iframe>\n\t\t<\/div>\n\t\t\t\t\t\t<\/div>\n\t\t\t\t<\/div>\n\t\t\t\t<\/div>","protected":false},"excerpt":{"rendered":"<p>Kontakt Masz pytania, chcesz rozpocz\u0105\u0107 wsp\u00f3\u0142prac\u0119? Skontaktuj si\u0119 z nami! Nasi eksperci s\u0105 gotowi, by odpowiedzie\u0107 na wszystkie Twoje pytania i pom\u00f3c Ci w realizacji najbardziej ambitnych projekt\u00f3w. Wype\u0142nij formularz kontaktowy, zadzwo\u0144 lub napisz e-mail \u2013 czekamy na Ciebie! Rex-Bud Budownictwo Sp. z o.o. S.K.A. Rex-Bud Budownictwo Sp. z o.o. S.K.A.\u2028ul. Nieszawska 6\/8\u202893-119 \u0141\u00f3d\u017aNIP: 728 23 94 047\u2028REGON: 472877884\u2028BDO: 000081588 Sekretariat:Tel: +48 (42) 67 67 909Tel: +48 696 401 700E-mail:\u00a0rexbud@rexbud.com.pl<\/p>","protected":false},"author":1,"featured_media":0,"parent":0,"menu_order":0,"comment_status":"closed","ping_status":"closed","template":"elementor_header_footer","meta":{"_acf_changed":false,"inline_featured_image":false,"footnotes":""},"class_list":["post-10876","page","type-page","status-publish","hentry"],"acf":[],"_links":{"self":[{"href":"https:\/\/rexbud.com.pl\/zh\/wp-json\/wp\/v2\/pages\/10876","targetHints":{"allow":["GET"]}}],"collection":[{"href":"https:\/\/rexbud.com.pl\/zh\/wp-json\/wp\/v2\/pages"}],"about":[{"href":"https:\/\/rexbud.com.pl\/zh\/wp-json\/wp\/v2\/types\/page"}],"author":[{"embeddable":true,"href":"https:\/\/rexbud.com.pl\/zh\/wp-json\/wp\/v2\/users\/1"}],"replies":[{"embeddable":true,"href":"https:\/\/rexbud.com.pl\/zh\/wp-json\/wp\/v2\/comments?post=10876"}],"version-history":[{"count":106,"href":"https:\/\/rexbud.com.pl\/zh\/wp-json\/wp\/v2\/pages\/10876\/revisions"}],"predecessor-version":[{"id":16224,"href":"https:\/\/rexbud.com.pl\/zh\/wp-json\/wp\/v2\/pages\/10876\/revisions\/16224"}],"wp:attachment":[{"href":"https:\/\/rexbud.com.pl\/zh\/wp-json\/wp\/v2\/media?parent=10876"}],"curies":[{"name":"wp","href":"https:\/\/api.w.org\/{rel}","templated":true}]}}